{"id":5351,"date":"2019-01-02T13:41:07","date_gmt":"2019-01-02T13:41:07","guid":{"rendered":"https:\/\/faceensemble.com\/?page_id=5351"},"modified":"2024-11-15T15:38:02","modified_gmt":"2024-11-15T15:38:02","slug":"photini-meletiadis-cv","status":"publish","type":"page","link":"https:\/\/faceensemble.com\/de\/photini-meletiadis-cv\/","title":{"rendered":"Photini Meletiadis CV"},"content":{"rendered":"<p><img data-recalc-dims=\"1\" loading=\"lazy\" decoding=\"async\" class=\"alignnone  wp-image-296\" src=\"https:\/\/i0.wp.com\/faceensemble.com\/wp-content\/uploads\/2016\/09\/1_263_gazii_cmeyer_originals.jpg?resize=293%2C214&#038;ssl=1\" alt=\"Georg Kaiser: Gas II\" width=\"293\" height=\"214\" \/><\/p>\n<p><strong>Photini Meletiadis<\/strong> \u2013 T\u00e4nzerin, Choreographin<\/p>\n<p>2009 schloss sie ihr Diplom in B\u00fchnentanz ab und 2013 ihren <strong>\u201aMaster of Arts\u2018<\/strong> in \u201eTanzvermittlung im zeitgen\u00f6ssischen Kontext\u201c am ZZT, HfMT in K\u00f6ln.<\/p>\n<p>Sie ist als T\u00e4nzerin, Choreographin und Tanzp\u00e4dagogin haupts\u00e4chlich im Raum NRW sowie im Ausland t\u00e4tig. Dabei liegt ihr Fokus auf Site-Specific- Performances, die sie seit 2009 u.a. mit der interdisziplin\u00e4ren Gruppe <strong>\u201eartscenico performing arts\u201c<\/strong> realisiert.<\/p>\n<p>Des weiteren befasst sie sich bei B\u00fchneninszenierungen mit musikalischen Strukturen (von traditioneller\u00a0bis zu Neuer\u00a0Musik) und\u00a0setzt sich mit der Beziehung zwischen\u00a0Livemusik und Bewegung\u00a0auseinander. Zuletzt choreographierte und tanzte sie f\u00fcr das Projekt\u00a0<strong>\u201eTrommelsprachen\u201c<\/strong> im Rahmen\u00a0des\u00a0<strong>\u201eAchtBr\u00fcckenFestival\u201c<\/strong> in der K\u00f6lner Philharmonie.<\/p>\n<p>Sie ist Mitglied\u00a0des\u00a0Choreographen-Netzwerks<strong>\u00a0\u201eBarnes Crossing\u201c<\/strong> in K\u00f6ln, wo sie ihre eigenen\u00a0Projekte\u00a0entwickelt. Weiterhin arbeitet sie eng zusammen mit dem<strong>\u00a0\u201eTanztheaterMobil\u201c<\/strong> in Aachen, mit dem\u00a0sie Tanzprojekte f\u00fcr und mit Kindern und Jugendlichen\u00a0durchf\u00fchrt. Zuletzt hat sie sich dem Netzwerk f\u00fcr Darstellende und Bildende Kunst<strong>\u00a0\u201eDrangwerk\u201c<\/strong> angeschlossen, mit dem sie Theater-Performances in K\u00f6ln realisiert.<\/p>\n<p>&nbsp;<\/p>\n","protected":false},"excerpt":{"rendered":"<p>Photini Meletiadis \u2013 T\u00e4nzerin, Choreographin 2009 schloss sie ihr Diplom in B\u00fchnentanz ab und 2013 ihren \u201aMaster of Arts\u2018 in \u201eTanzvermittlung im zeitgen\u00f6ssischen Kontext\u201c am ZZT, HfMT in K\u00f6ln. Sie ist als T\u00e4nzerin, Choreographin und Tanzp\u00e4dagogin haupts\u00e4chlich im Raum NRW sowie im Ausland t\u00e4tig. Dabei liegt ihr Fokus auf Site-Specific- Performances, die sie seit 2009 &hellip; <a class=\"more-link\" href=\"https:\/\/faceensemble.com\/de\/photini-meletiadis-cv\/\">Mehr <span class=\"screen-reader-text\">Photini Meletiadis CV<\/span><\/a><\/p>\n","protected":false},"author":12093239,"featured_media":0,"parent":0,"menu_order":0,"comment_status":"closed","ping_status":"closed","template":"","meta":{"_coblocks_attr":"","_coblocks_dimensions":"","_coblocks_responsive_height":"","_coblocks_accordion_ie_support":"","_crdt_document":"","advanced_seo_description":"","jetpack_seo_html_title":"","jetpack_seo_noindex":false,"footnotes":""},"tags":[],"class_list":["post-5351","page","type-page","status-publish","hentry"],"jetpack_likes_enabled":true,"jetpack_sharing_enabled":true,"jetpack_shortlink":"https:\/\/wp.me\/P7OOTK-1oj","jetpack-related-posts":[{"id":860,"url":"https:\/\/faceensemble.com\/photini-meletiadis-cv\/","url_meta":{"origin":5351,"position":0},"title":"Photini Meletiadis CV","author":"567cool","date":"2. Januar 2019","format":false,"excerpt":"Photini Meletiadis \u2013 T\u00e4nzerin, Choreographin 2009 schloss sie ihr Diplom in B\u00fchnentanz ab und 2013 ihren \u201aMaster of Arts\u2018 in \u201eTanzvermittlung im zeitgen\u00f6ssischen Kontext\u201c am ZZT, HfMT in K\u00f6ln. Sie ist als T\u00e4nzerin, Choreographin und Tanzp\u00e4dagogin haupts\u00e4chlich im Raum NRW sowie im Ausland t\u00e4tig. Dabei liegt ihr Fokus auf Site-Specific-\u2026","rel":"","context":"\u00c4hnlicher Beitrag","block_context":{"text":"\u00c4hnlicher Beitrag","link":""},"img":{"alt_text":"Georg Kaiser: Gas II","src":"https:\/\/i0.wp.com\/faceensemble.com\/wp-content\/uploads\/2016\/09\/1_263_gazii_cmeyer_originals.jpg?resize=350%2C200&ssl=1","width":350,"height":200},"classes":[]},{"id":5359,"url":"https:\/\/faceensemble.com\/de\/sara-blasco-gutierrez-cv\/","url_meta":{"origin":5351,"position":1},"title":"Sara Blasco Guti\u00e9rrez CV","author":"567cool","date":"2. Januar 2019","format":false,"excerpt":"\u00a0 Die spanische T\u00e4nzerin Sara Blasco Guti\u00e9rrez\u00a0wurde in Valencia geboren. Sie studierte zeitgen\u00f6ssischen Tanz am dortigen Konservatorium f\u00fcr Musik und Tanz, gleichzeitig schloss sie ein Bachelorstudium in audiovisueller Kommunikation an der Polytechnischen Universit\u00e4t ab. In Valencia arbeitete sie zun\u00e4chst als T\u00e4nzerin, Choreographin und Produktions-Assistentin in der Company Mar\u00eda Carbonell und\u2026","rel":"","context":"\u00c4hnlicher Beitrag","block_context":{"text":"\u00c4hnlicher Beitrag","link":""},"img":{"alt_text":"WICCA (L\u00b4AMOUR FOU)","src":"https:\/\/i0.wp.com\/faceensemble.com\/wp-content\/uploads\/2016\/09\/057_wicca_cmeyer_originals.jpg?resize=350%2C200&ssl=1","width":350,"height":200,"srcset":"https:\/\/i0.wp.com\/faceensemble.com\/wp-content\/uploads\/2016\/09\/057_wicca_cmeyer_originals.jpg?resize=350%2C200&ssl=1 1x, https:\/\/i0.wp.com\/faceensemble.com\/wp-content\/uploads\/2016\/09\/057_wicca_cmeyer_originals.jpg?resize=525%2C300&ssl=1 1.5x, https:\/\/i0.wp.com\/faceensemble.com\/wp-content\/uploads\/2016\/09\/057_wicca_cmeyer_originals.jpg?resize=700%2C400&ssl=1 2x, https:\/\/i0.wp.com\/faceensemble.com\/wp-content\/uploads\/2016\/09\/057_wicca_cmeyer_originals.jpg?resize=1050%2C600&ssl=1 3x, https:\/\/i0.wp.com\/faceensemble.com\/wp-content\/uploads\/2016\/09\/057_wicca_cmeyer_originals.jpg?resize=1400%2C800&ssl=1 4x"},"classes":[]},{"id":890,"url":"https:\/\/faceensemble.com\/sara-blasco-cv\/","url_meta":{"origin":5351,"position":2},"title":"Sara Blasco Guti\u00e9rrez CV","author":"567cool","date":"2. Januar 2019","format":false,"excerpt":"\u00a0 Die spanische T\u00e4nzerin Sara Blasco Guti\u00e9rrez\u00a0wurde in Valencia geboren. Sie studierte zeitgen\u00f6ssischen Tanz am dortigen Konservatorium f\u00fcr Musik und Tanz, gleichzeitig schloss sie ein Bachelorstudium in audiovisueller Kommunikation an der Polytechnischen Universit\u00e4t ab. In Valencia arbeitete sie zun\u00e4chst als T\u00e4nzerin, Choreographin und Produktions-Assistentin in der Company Mar\u00eda Carbonell und\u2026","rel":"","context":"\u00c4hnlicher Beitrag","block_context":{"text":"\u00c4hnlicher Beitrag","link":""},"img":{"alt_text":"WICCA (L\u00b4AMOUR FOU)","src":"https:\/\/i0.wp.com\/faceensemble.com\/wp-content\/uploads\/2016\/09\/057_wicca_cmeyer_originals.jpg?resize=350%2C200&ssl=1","width":350,"height":200,"srcset":"https:\/\/i0.wp.com\/faceensemble.com\/wp-content\/uploads\/2016\/09\/057_wicca_cmeyer_originals.jpg?resize=350%2C200&ssl=1 1x, https:\/\/i0.wp.com\/faceensemble.com\/wp-content\/uploads\/2016\/09\/057_wicca_cmeyer_originals.jpg?resize=525%2C300&ssl=1 1.5x, https:\/\/i0.wp.com\/faceensemble.com\/wp-content\/uploads\/2016\/09\/057_wicca_cmeyer_originals.jpg?resize=700%2C400&ssl=1 2x, https:\/\/i0.wp.com\/faceensemble.com\/wp-content\/uploads\/2016\/09\/057_wicca_cmeyer_originals.jpg?resize=1050%2C600&ssl=1 3x, https:\/\/i0.wp.com\/faceensemble.com\/wp-content\/uploads\/2016\/09\/057_wicca_cmeyer_originals.jpg?resize=1400%2C800&ssl=1 4x"},"classes":[]},{"id":5395,"url":"https:\/\/faceensemble.com\/de\/theresia-erfort-cv\/","url_meta":{"origin":5351,"position":3},"title":"Theresia Erfort CV","author":"567cool","date":"2. Januar 2019","format":false,"excerpt":"Foto: MEYERORIGINALS Please scroll down to read the English version Die Schauspielerin und T\u00e4nzerin Theresia Erfort wurde 1994 in der kleinen Stadt Vallendar geboren. Allerdings blieb sie dort nicht lange, sondern wohnte mit ihrer Familie an vielen verschieden Orten in Deutschland. Passend zu den oft wechselnden Wohnorten hatte sie als\u2026","rel":"","context":"\u00c4hnlicher Beitrag","block_context":{"text":"\u00c4hnlicher Beitrag","link":""},"img":{"alt_text":"","src":"https:\/\/i0.wp.com\/faceensemble.com\/wp-content\/uploads\/2019\/01\/127q_theresiaerfort_cmeyer_originals.jpg?resize=350%2C200&ssl=1","width":350,"height":200,"srcset":"https:\/\/i0.wp.com\/faceensemble.com\/wp-content\/uploads\/2019\/01\/127q_theresiaerfort_cmeyer_originals.jpg?resize=350%2C200&ssl=1 1x, https:\/\/i0.wp.com\/faceensemble.com\/wp-content\/uploads\/2019\/01\/127q_theresiaerfort_cmeyer_originals.jpg?resize=525%2C300&ssl=1 1.5x, https:\/\/i0.wp.com\/faceensemble.com\/wp-content\/uploads\/2019\/01\/127q_theresiaerfort_cmeyer_originals.jpg?resize=700%2C400&ssl=1 2x, https:\/\/i0.wp.com\/faceensemble.com\/wp-content\/uploads\/2019\/01\/127q_theresiaerfort_cmeyer_originals.jpg?resize=1050%2C600&ssl=1 3x, https:\/\/i0.wp.com\/faceensemble.com\/wp-content\/uploads\/2019\/01\/127q_theresiaerfort_cmeyer_originals.jpg?resize=1400%2C800&ssl=1 4x"},"classes":[]},{"id":843,"url":"https:\/\/faceensemble.com\/theresia-erfort-cv\/","url_meta":{"origin":5351,"position":4},"title":"Theresia Erfort CV","author":"567cool","date":"2. Januar 2019","format":false,"excerpt":"Foto: MEYERORIGINALS Please scroll down to read the English version Die Schauspielerin und T\u00e4nzerin Theresia Erfort wurde 1994 in der kleinen Stadt Vallendar geboren. Allerdings blieb sie dort nicht lange, sondern wohnte mit ihrer Familie an vielen verschieden Orten in Deutschland. Passend zu den oft wechselnden Wohnorten hatte sie als\u2026","rel":"","context":"\u00c4hnlicher Beitrag","block_context":{"text":"\u00c4hnlicher Beitrag","link":""},"img":{"alt_text":"Theresia Erfort","src":"https:\/\/i0.wp.com\/faceensemble.com\/wp-content\/uploads\/2019\/01\/127q_theresiaerfort_cmeyer_originals.jpg?resize=350%2C200&ssl=1","width":350,"height":200,"srcset":"https:\/\/i0.wp.com\/faceensemble.com\/wp-content\/uploads\/2019\/01\/127q_theresiaerfort_cmeyer_originals.jpg?resize=350%2C200&ssl=1 1x, https:\/\/i0.wp.com\/faceensemble.com\/wp-content\/uploads\/2019\/01\/127q_theresiaerfort_cmeyer_originals.jpg?resize=525%2C300&ssl=1 1.5x, https:\/\/i0.wp.com\/faceensemble.com\/wp-content\/uploads\/2019\/01\/127q_theresiaerfort_cmeyer_originals.jpg?resize=700%2C400&ssl=1 2x, https:\/\/i0.wp.com\/faceensemble.com\/wp-content\/uploads\/2019\/01\/127q_theresiaerfort_cmeyer_originals.jpg?resize=1050%2C600&ssl=1 3x, https:\/\/i0.wp.com\/faceensemble.com\/wp-content\/uploads\/2019\/01\/127q_theresiaerfort_cmeyer_originals.jpg?resize=1400%2C800&ssl=1 4x"},"classes":[]},{"id":2,"url":"https:\/\/faceensemble.com\/de\/actual\/","url_meta":{"origin":5351,"position":5},"title":"What&#8217;s NEW","author":"ivo3d","date":"19. August 2016","format":false,"excerpt":"actual dates of f.a.c.e. ensemble plays or shows","rel":"","context":"In \"3Dmapping\"","block_context":{"text":"3Dmapping","link":"https:\/\/faceensemble.com\/tag\/3dmapping\/"},"img":{"alt_text":"","src":"https:\/\/i0.wp.com\/faceensemble.com\/wp-content\/uploads\/2023\/10\/dscf0379_territorium_1.jpg?resize=350%2C200&ssl=1","width":350,"height":200,"srcset":"https:\/\/i0.wp.com\/faceensemble.com\/wp-content\/uploads\/2023\/10\/dscf0379_territorium_1.jpg?resize=350%2C200&ssl=1 1x, https:\/\/i0.wp.com\/faceensemble.com\/wp-content\/uploads\/2023\/10\/dscf0379_territorium_1.jpg?resize=525%2C300&ssl=1 1.5x, https:\/\/i0.wp.com\/faceensemble.com\/wp-content\/uploads\/2023\/10\/dscf0379_territorium_1.jpg?resize=700%2C400&ssl=1 2x, https:\/\/i0.wp.com\/faceensemble.com\/wp-content\/uploads\/2023\/10\/dscf0379_territorium_1.jpg?resize=1050%2C600&ssl=1 3x, https:\/\/i0.wp.com\/faceensemble.com\/wp-content\/uploads\/2023\/10\/dscf0379_territorium_1.jpg?resize=1400%2C800&ssl=1 4x"},"classes":[]}],"_links":{"self":[{"href":"https:\/\/faceensemble.com\/de\/wp-json\/wp\/v2\/pages\/5351","targetHints":{"allow":["GET"]}}],"collection":[{"href":"https:\/\/faceensemble.com\/de\/wp-json\/wp\/v2\/pages"}],"about":[{"href":"https:\/\/faceensemble.com\/de\/wp-json\/wp\/v2\/types\/page"}],"author":[{"embeddable":true,"href":"https:\/\/faceensemble.com\/de\/wp-json\/wp\/v2\/users\/12093239"}],"replies":[{"embeddable":true,"href":"https:\/\/faceensemble.com\/de\/wp-json\/wp\/v2\/comments?post=5351"}],"version-history":[{"count":1,"href":"https:\/\/faceensemble.com\/de\/wp-json\/wp\/v2\/pages\/5351\/revisions"}],"predecessor-version":[{"id":5352,"href":"https:\/\/faceensemble.com\/de\/wp-json\/wp\/v2\/pages\/5351\/revisions\/5352"}],"wp:attachment":[{"href":"https:\/\/faceensemble.com\/de\/wp-json\/wp\/v2\/media?parent=5351"}],"wp:term":[{"taxonomy":"post_tag","embeddable":true,"href":"https:\/\/faceensemble.com\/de\/wp-json\/wp\/v2\/tags?post=5351"}],"curies":[{"name":"wp","href":"https:\/\/api.w.org\/{rel}","templated":true}]}}