{"id":5353,"date":"2020-01-26T12:49:58","date_gmt":"2020-01-26T12:49:58","guid":{"rendered":"https:\/\/faceensemble.com\/?page_id=5353"},"modified":"2024-11-15T15:38:57","modified_gmt":"2024-11-15T15:38:57","slug":"presse","status":"publish","type":"page","link":"https:\/\/faceensemble.com\/de\/presse\/","title":{"rendered":"Presse"},"content":{"rendered":"<p><em>\u201eZukunftweisende Premiere in der Orangerie. (\u2026) <\/em><em>Die Aufl\u00f6sung des K\u00f6rpers zu einem Strom ewiger Bildnisse verf\u00fchrt die Zuschauer mit unnachahmlicher \u00c4sthetik<\/em><em>\u2026\u201c <\/em><\/p>\n<p>ha in K\u00f6lner Wochenspiegel 2018<\/p>\n<p><em>\u00a0<\/em><em>\u201e\u2026Das ist Kunst. Der Regisseur Krist\u00f3f Szab\u00f3 erschafft einen visuellen Abend (\u2026), der durch seine gewaltigen gesellschaftskritischen Fragen lange nachwirkt. Ist eine Revolution des Denkens m\u00f6glich?<\/em><\/p>\n<p>rausgegangen.de 2019<\/p>\n<p><em>\u00a0<\/em><em>\u201eVoller Mut, Wissen und Experimentierfreude steckt diese Produktion, die allerdings auch wieder wirr, selbstbez\u00fcglich und sinnlos \u00fcberbordend wirkt.\u201c \u00a0\u00a0\u00a0\u00a0\u00a0\u00a0\u00a0\u00a0\u00a0\u00a0\u00a0\u00a0\u00a0\u00a0\u00a0\u00a0<\/em><\/p>\n<p>Thomas Linden K\u00f6lnische Rundschau 2018<\/p>\n<p><em>\u00a0<\/em><em>\u201cThe production like a punch to the chest deeply touched my heart, beyond the incredibly beautiful and suggestive digital visuality (by Iv\u00f3 Kov\u00e1cs)\u2026 (\u2026) The performance split the audience, but also the professionals.\u201d<\/em><\/p>\n<p>Judit Simon, International TESZT Festival, Timisoara 2018<\/p>\n<p><strong><img data-recalc-dims=\"1\" loading=\"lazy\" decoding=\"async\" class=\"alignnone size-full wp-image-1542\" src=\"https:\/\/i0.wp.com\/faceensemble.com\/wp-content\/uploads\/2019\/08\/kristc3b3f_szabc3b3_deep-breath-licht-ii-hannah-platzer_photo_by_mike_kleinen_img_9733_out.jpg?resize=748%2C499&#038;ssl=1\" alt=\"Krist\u00f3f_Szab\u00f3_DEEP BREATH (LICHT II) Hannah Platzer_photo_by_Mike_Kleinen_IMG_9733_out\" width=\"748\" height=\"499\" \/>\u00a0<\/strong><\/p>\n<p><em>\u201eMit kraftvollen, sinnlichen Bildideen auf der B\u00fchne und mit eindrucksvollen Videoinstallationen (Iv\u00f3 Kov\u00e1cs) etabliert Szab\u00f3 das Geschehen. (\u2026) Dabei mixt Szab\u00f3 souver\u00e4n ikonoklastische Bilderst\u00fcrme mit Elementen der Popkultur. Da treffen die Sex Pistols auf den Madonnenkult und Kathedralen verwandeln sich in Aufmarschorte f\u00fcr Gestalten zwischen Mad Max und Vivian-Westwood-Models.\u201c\u00a0\u00a0\u00a0\u00a0\u00a0\u00a0<\/em><\/p>\n<p>Norbert Raffelsiefen f\u00fcr K\u00f6lner Stadt-Anzeiger 2018<\/p>\n<p><img data-recalc-dims=\"1\" loading=\"lazy\" decoding=\"async\" class=\"alignnone size-full wp-image-479\" src=\"https:\/\/i0.wp.com\/faceensemble.com\/wp-content\/uploads\/2018\/05\/178_diejungfrauvonorleans_cmeyer_originals.jpg?resize=748%2C548&#038;ssl=1\" alt=\"DIE JUNGFRAU VON ORLEANS\" width=\"748\" height=\"548\" \/><\/p>\n<p><em>\u201eWhow, was f\u00fcr ein ergreifend vielschichtiges und physisch mit all den visuellen Elementen spielendes Gesamtkunstwerk! (\u2026) \u2026alle Gehirnwindungen auf geistige Achterbahn geschickt, inspirierende Wahrhaftigkeit! Aber eigentlich ohne Worte zu beschreiben! Ihr gro\u00dfes Wunder!!!\u201c <\/em><\/p>\n<p><em>Herand M\u00fcller-Scholtes\u00a0 (facebook-Eintrag 17.10.2018)\u00a0<\/em><\/p>\n<p><img data-recalc-dims=\"1\" loading=\"lazy\" decoding=\"async\" class=\"alignnone size-full wp-image-1223\" src=\"https:\/\/i0.wp.com\/faceensemble.com\/wp-content\/uploads\/2019\/03\/194_borders_cmeyer_originals.jpg?resize=748%2C548&#038;ssl=1\" alt=\"BORDERS.BIRDS\" width=\"748\" height=\"548\" \/><\/p>\n<p><em>\u201eEindrucksvolles Theater (\u2026) Alles andere als leichte Kost.\u201c<\/em><\/p>\n<p>Heribert R\u00f6sgen f\u00fcr K\u00f6lner Stadt-Anzeiger 2014<\/p>\n<p><img data-recalc-dims=\"1\" loading=\"lazy\" decoding=\"async\" class=\"alignnone size-full wp-image-1503\" src=\"https:\/\/i0.wp.com\/faceensemble.com\/wp-content\/uploads\/2019\/08\/159_wicca_cmeyer_originals.jpg?resize=748%2C548&#038;ssl=1\" alt=\"WICCA (L\u00b4AMOUR FOU)\" width=\"748\" height=\"548\" \/><\/p>\n<p><em>\u201e\u2026sch\u00f6ne Bilder, in denen die langgliedrige T\u00e4nzerin fast selbst zum Baum wird.\u201c<\/em><\/p>\n<p>Melanie Suchy f\u00fcr K\u00f6lner Stadt-Anzeiger 2012<\/p>\n<p><img data-recalc-dims=\"1\" loading=\"lazy\" decoding=\"async\" class=\"alignnone size-full wp-image-1512\" src=\"https:\/\/i0.wp.com\/faceensemble.com\/wp-content\/uploads\/2019\/08\/319_photonmove_cmeyer_originals.jpg?resize=748%2C548&#038;ssl=1\" alt=\"PHOTONMOVE\" width=\"748\" height=\"548\" \/><\/p>\n<p><em>\u201eVerst\u00f6rung auf hohem Niveau. Regisseur Krist\u00f3f Szab\u00f3 und alle Mitwirkenden haben wirklich Kunst! geleistet. Hoffen wir nur, dass der hohe Anspruch den durchschnittlichen Theaterg\u00e4nger nicht entmutigt, sich auf diese emotionale Reise zu begeben.\u201c<\/em><\/p>\n<p>Ursula Breckner f\u00fcr SpiriTV, 2009<\/p>\n<p>\u201e<em>\u2026es gelingt dem Team um Szab\u00f3 mit Klang, Licht, Video sowie variablen B\u00fchnenbild-Skulpturen eindr\u00fccklich, dieser mystischen These der Einswerdung Gestalt zu verleihen. Denn die einzelnen Elemente verschmelzen zu einer k\u00fcnstlerischen Form, die weit mehr umspannt als die schlichte Selbstbezeichnung \u201eTheatertanz\u201c. Immer wieder gelingen wahrhaft magische, auf K\u00f6lner B\u00fchnen nie gesehene Momente.\u201c \u00a0\u00a0\u00a0\u00a0\u00a0\u00a0\u00a0\u00a0\u00a0\u00a0\u00a0\u00a0\u00a0\u00a0\u00a0\u00a0\u00a0\u00a0\u00a0\u00a0\u00a0\u00a0\u00a0\u00a0\u00a0\u00a0\u00a0\u00a0\u00a0\u00a0\u00a0\u00a0\u00a0\u00a0\u00a0 \u00a0\u00a0\u00a0\u00a0\u00a0\u00a0\u00a0\u00a0\u00a0\u00a0\u00a0\u00a0\u00a0\u00a0\u00a0\u00a0\u00a0\u00a0\u00a0\u00a0\u00a0\u00a0\u00a0\u00a0\u00a0\u00a0\u00a0\u00a0\u00a0\u00a0\u00a0\u00a0\u00a0\u00a0 <\/em><\/p>\n<p>Ch.-M. Purkert f\u00fcr AKT Jan. 2012<\/p>\n<p>&nbsp;<\/p>\n<p>Auff\u00fchrungen und Premieren in 2020:<\/p>\n<p>Krist\u00f3f Szab\u00f3: <em>Der falsche Tiger und das Gl\u00fcck<\/em> <em>&#8211; \u00dcber den Respekt f\u00fcr Tiere und Pflanzen und \u00fcber die Freundschaft<\/em> gespielt und getanzt f\u00fcr Kinder von 6 bis 99<\/p>\n<p>7, 8, 14, 21, 28, 29 M\u00e4rz 2020 &#8211; HORIZONT Theater K\u00f6ln Telefon: 0221-131604<\/p>\n<p>&nbsp;<\/p>\n<p>Krist\u00f3f Szab\u00f3 F.A.C.E. <em>HAIRY<\/em>. <em>Faszination Restfell<\/em> <em>&#8211; Getanzte Momente der Kulturgeschichte des Haars<\/em> Tanztheater (UA\/Premiere) 5, 6, 7, 12, 13, 14 Juni 2020 &#8211; ORANGERIE Theater K\u00f6ln Telefon: 0221-9522708<\/p>\n<p>&nbsp;<\/p>\n<p>Krist\u00f3f Szab\u00f3 F.A.C.E. <em>PROMETHEISCHE KULTUR &#8211; Die Zukunft der Energie im Cyber-Space<\/em> Sparten\u00fcbergreifendes Theater<\/p>\n<p>(UA\/Premiere) 22, 23, 24, 25, 28, 29, 30, 31. Oktober 2020 &#8211; ORANGERIE Theater K\u00f6ln Telefon: 0221-9522708<\/p>\n","protected":false},"excerpt":{"rendered":"<p>\u201eZukunftweisende Premiere in der Orangerie. (\u2026) Die Aufl\u00f6sung des K\u00f6rpers zu einem Strom ewiger Bildnisse verf\u00fchrt die Zuschauer mit unnachahmlicher \u00c4sthetik\u2026\u201c ha in K\u00f6lner Wochenspiegel 2018 \u00a0\u201e\u2026Das ist Kunst. Der Regisseur Krist\u00f3f Szab\u00f3 erschafft einen visuellen Abend (\u2026), der durch seine gewaltigen gesellschaftskritischen Fragen lange nachwirkt. Ist eine Revolution des Denkens m\u00f6glich? rausgegangen.de 2019 \u00a0\u201eVoller &hellip; <a class=\"more-link\" href=\"https:\/\/faceensemble.com\/de\/presse\/\">Mehr <span class=\"screen-reader-text\">Presse<\/span><\/a><\/p>\n","protected":false},"author":12093239,"featured_media":0,"parent":0,"menu_order":0,"comment_status":"closed","ping_status":"closed","template":"","meta":{"_coblocks_attr":"","_coblocks_dimensions":"","_coblocks_responsive_height":"","_coblocks_accordion_ie_support":"","_crdt_document":"","advanced_seo_description":"","jetpack_seo_html_title":"","jetpack_seo_noindex":false,"footnotes":""},"tags":[],"class_list":["post-5353","page","type-page","status-publish","hentry"],"jetpack_likes_enabled":true,"jetpack_sharing_enabled":true,"jetpack_shortlink":"https:\/\/wp.me\/P7OOTK-1ol","jetpack-related-posts":[{"id":5341,"url":"https:\/\/faceensemble.com\/de\/medea\/","url_meta":{"origin":5353,"position":0},"title":"MEDEA","author":"567cool","date":"12. Juli 2019","format":false,"excerpt":"https:\/\/vimeo.com\/363406070 Die Geschichte einer Scheidung Text Euripides | MEDEA Johanna May | Projection-Video-Art\u00a0Iv\u00f3 Kov\u00e1cs Dauer\/duration: 55 minutes showreel of the ensemble: \u00a0F.A.C.E. Ensemble 2019 showreel (3 Min.)\u00a0 https:\/\/vimeo.com\/337740936 Medea verr\u00e4t ihren Vater, t\u00f6tet ihren Bruder und flieht mit Jason, ihrem zuk\u00fcnftigen Ehemann nach Europa. Sie bekommen zwei Kinder. Jason verl\u00e4sst\u2026","rel":"","context":"\u00c4hnlicher Beitrag","block_context":{"text":"\u00c4hnlicher Beitrag","link":""},"img":{"alt_text":"","src":"https:\/\/i0.wp.com\/faceensemble.com\/wp-content\/uploads\/2019\/09\/145_medea_cmeyer_originals.jpg?resize=350%2C200&ssl=1","width":350,"height":200,"srcset":"https:\/\/i0.wp.com\/faceensemble.com\/wp-content\/uploads\/2019\/09\/145_medea_cmeyer_originals.jpg?resize=350%2C200&ssl=1 1x, https:\/\/i0.wp.com\/faceensemble.com\/wp-content\/uploads\/2019\/09\/145_medea_cmeyer_originals.jpg?resize=525%2C300&ssl=1 1.5x, https:\/\/i0.wp.com\/faceensemble.com\/wp-content\/uploads\/2019\/09\/145_medea_cmeyer_originals.jpg?resize=700%2C400&ssl=1 2x, https:\/\/i0.wp.com\/faceensemble.com\/wp-content\/uploads\/2019\/09\/145_medea_cmeyer_originals.jpg?resize=1050%2C600&ssl=1 3x, https:\/\/i0.wp.com\/faceensemble.com\/wp-content\/uploads\/2019\/09\/145_medea_cmeyer_originals.jpg?resize=1400%2C800&ssl=1 4x"},"classes":[]},{"id":1336,"url":"https:\/\/faceensemble.com\/medea-2\/","url_meta":{"origin":5353,"position":1},"title":"MEDEA","author":"567cool","date":"12. Juli 2019","format":false,"excerpt":"https:\/\/vimeo.com\/363406070 Die Geschichte einer Scheidung Text Euripides | MEDEA Johanna May | Projection-Video-Art\u00a0Iv\u00f3 Kov\u00e1cs Dauer\/duration: 55 minutes showreel of the ensemble: \u00a0F.A.C.E. Ensemble 2019 showreel (3 Min.)\u00a0 https:\/\/vimeo.com\/337740936 Medea verr\u00e4t ihren Vater, t\u00f6tet ihren Bruder und flieht mit Jason, ihrem zuk\u00fcnftigen Ehemann nach Europa. Sie bekommen zwei Kinder. Jason verl\u00e4sst\u2026","rel":"","context":"\u00c4hnlicher Beitrag","block_context":{"text":"\u00c4hnlicher Beitrag","link":""},"img":{"alt_text":"","src":"https:\/\/i0.wp.com\/faceensemble.com\/wp-content\/uploads\/2019\/09\/115_medea_cmeyer_originals.jpg?resize=350%2C200&ssl=1","width":350,"height":200,"srcset":"https:\/\/i0.wp.com\/faceensemble.com\/wp-content\/uploads\/2019\/09\/115_medea_cmeyer_originals.jpg?resize=350%2C200&ssl=1 1x, https:\/\/i0.wp.com\/faceensemble.com\/wp-content\/uploads\/2019\/09\/115_medea_cmeyer_originals.jpg?resize=525%2C300&ssl=1 1.5x, https:\/\/i0.wp.com\/faceensemble.com\/wp-content\/uploads\/2019\/09\/115_medea_cmeyer_originals.jpg?resize=700%2C400&ssl=1 2x, https:\/\/i0.wp.com\/faceensemble.com\/wp-content\/uploads\/2019\/09\/115_medea_cmeyer_originals.jpg?resize=1050%2C600&ssl=1 3x, https:\/\/i0.wp.com\/faceensemble.com\/wp-content\/uploads\/2019\/09\/115_medea_cmeyer_originals.jpg?resize=1400%2C800&ssl=1 4x"},"classes":[]},{"id":5528,"url":"https:\/\/faceensemble.com\/de\/about-us\/","url_meta":{"origin":5353,"position":2},"title":"\u00dcber uns","author":"567cool","date":"19. Januar 2019","format":false,"excerpt":"Gegr\u00fcndet 2012 von Krist\u00f3f Szab\u00f3, F.A.C.E. Visual Performing Arts verbindet Visuelle Kunst und performing arts. Unsere Praxis kann beschrieben werden als das Erschaffen von t\u00e4tigen Bildern (Bildakt), sie ist das intermediale Erforschen der Verzahnung von Embodiment- und Bild-Theorie. Eine unserer zentralen Thesen ist: \u201eDer gesamte K\u00f6rper nimmt wahr.\u201c Krist\u00f3f Szab\u00f3\u2026","rel":"","context":"\u00c4hnlicher Beitrag","block_context":{"text":"\u00c4hnlicher Beitrag","link":""},"img":{"alt_text":"IMG_5415","src":"https:\/\/i0.wp.com\/faceensemble.com\/wp-content\/uploads\/2019\/08\/img_5415.jpg?resize=350%2C200&ssl=1","width":350,"height":200,"srcset":"https:\/\/i0.wp.com\/faceensemble.com\/wp-content\/uploads\/2019\/08\/img_5415.jpg?resize=350%2C200&ssl=1 1x, https:\/\/i0.wp.com\/faceensemble.com\/wp-content\/uploads\/2019\/08\/img_5415.jpg?resize=525%2C300&ssl=1 1.5x, https:\/\/i0.wp.com\/faceensemble.com\/wp-content\/uploads\/2019\/08\/img_5415.jpg?resize=700%2C400&ssl=1 2x, https:\/\/i0.wp.com\/faceensemble.com\/wp-content\/uploads\/2019\/08\/img_5415.jpg?resize=1050%2C600&ssl=1 3x, https:\/\/i0.wp.com\/faceensemble.com\/wp-content\/uploads\/2019\/08\/img_5415.jpg?resize=1400%2C800&ssl=1 4x"},"classes":[]},{"id":2,"url":"https:\/\/faceensemble.com\/de\/actual\/","url_meta":{"origin":5353,"position":3},"title":"What&#8217;s NEW","author":"ivo3d","date":"19. August 2016","format":false,"excerpt":"actual dates of f.a.c.e. ensemble plays or shows","rel":"","context":"In \"3Dmapping\"","block_context":{"text":"3Dmapping","link":"https:\/\/faceensemble.com\/tag\/3dmapping\/"},"img":{"alt_text":"","src":"https:\/\/i0.wp.com\/faceensemble.com\/wp-content\/uploads\/2023\/10\/dscf0379_territorium_1.jpg?resize=350%2C200&ssl=1","width":350,"height":200,"srcset":"https:\/\/i0.wp.com\/faceensemble.com\/wp-content\/uploads\/2023\/10\/dscf0379_territorium_1.jpg?resize=350%2C200&ssl=1 1x, https:\/\/i0.wp.com\/faceensemble.com\/wp-content\/uploads\/2023\/10\/dscf0379_territorium_1.jpg?resize=525%2C300&ssl=1 1.5x, https:\/\/i0.wp.com\/faceensemble.com\/wp-content\/uploads\/2023\/10\/dscf0379_territorium_1.jpg?resize=700%2C400&ssl=1 2x, https:\/\/i0.wp.com\/faceensemble.com\/wp-content\/uploads\/2023\/10\/dscf0379_territorium_1.jpg?resize=1050%2C600&ssl=1 3x, https:\/\/i0.wp.com\/faceensemble.com\/wp-content\/uploads\/2023\/10\/dscf0379_territorium_1.jpg?resize=1400%2C800&ssl=1 4x"},"classes":[]},{"id":1020,"url":"https:\/\/faceensemble.com\/brigitte-kupper\/","url_meta":{"origin":5353,"position":4},"title":"Brigitte K\u00fcpper CV","author":"567cool","date":"3. Januar 2019","format":false,"excerpt":"Anderweitig an der Posaune, konzentriert sich Brigitte K\u00fcpper aus K\u00f6ln haupts\u00e4chlich auf den experimentellen Umgang mit der Stimme. Ihr Repertoire, verwurzelt in dem Bewusstsein des improvisatorischen Elements urspr\u00fcnglicher Gesangstradition, bewegt sich vom Atem ausgehend zwischen der Verbindung von Klang und Ger\u00e4usch und dem Experimentell-Lautmalerischen bis zur Poesie im improvisierten Text.\u2026","rel":"","context":"\u00c4hnlicher Beitrag","block_context":{"text":"\u00c4hnlicher Beitrag","link":""},"img":{"alt_text":"brigitte","src":"https:\/\/i0.wp.com\/faceensemble.com\/wp-content\/uploads\/2019\/01\/brigitte.png?resize=350%2C200&ssl=1","width":350,"height":200},"classes":[]},{"id":5258,"url":"https:\/\/faceensemble.com\/actual\/","url_meta":{"origin":5353,"position":5},"title":"What&#8217;s NEW","author":"ivo3d","date":"19. August 2016","format":false,"excerpt":"actual dates of f.a.c.e. ensemble plays or shows","rel":"","context":"\u00c4hnlicher Beitrag","block_context":{"text":"\u00c4hnlicher Beitrag","link":""},"img":{"alt_text":"","src":"https:\/\/i0.wp.com\/faceensemble.com\/wp-content\/uploads\/2023\/10\/dscf0379_territorium_1.jpg?resize=350%2C200&ssl=1","width":350,"height":200,"srcset":"https:\/\/i0.wp.com\/faceensemble.com\/wp-content\/uploads\/2023\/10\/dscf0379_territorium_1.jpg?resize=350%2C200&ssl=1 1x, https:\/\/i0.wp.com\/faceensemble.com\/wp-content\/uploads\/2023\/10\/dscf0379_territorium_1.jpg?resize=525%2C300&ssl=1 1.5x, https:\/\/i0.wp.com\/faceensemble.com\/wp-content\/uploads\/2023\/10\/dscf0379_territorium_1.jpg?resize=700%2C400&ssl=1 2x, https:\/\/i0.wp.com\/faceensemble.com\/wp-content\/uploads\/2023\/10\/dscf0379_territorium_1.jpg?resize=1050%2C600&ssl=1 3x, https:\/\/i0.wp.com\/faceensemble.com\/wp-content\/uploads\/2023\/10\/dscf0379_territorium_1.jpg?resize=1400%2C800&ssl=1 4x"},"classes":[]}],"_links":{"self":[{"href":"https:\/\/faceensemble.com\/de\/wp-json\/wp\/v2\/pages\/5353","targetHints":{"allow":["GET"]}}],"collection":[{"href":"https:\/\/faceensemble.com\/de\/wp-json\/wp\/v2\/pages"}],"about":[{"href":"https:\/\/faceensemble.com\/de\/wp-json\/wp\/v2\/types\/page"}],"author":[{"embeddable":true,"href":"https:\/\/faceensemble.com\/de\/wp-json\/wp\/v2\/users\/12093239"}],"replies":[{"embeddable":true,"href":"https:\/\/faceensemble.com\/de\/wp-json\/wp\/v2\/comments?post=5353"}],"version-history":[{"count":1,"href":"https:\/\/faceensemble.com\/de\/wp-json\/wp\/v2\/pages\/5353\/revisions"}],"predecessor-version":[{"id":5354,"href":"https:\/\/faceensemble.com\/de\/wp-json\/wp\/v2\/pages\/5353\/revisions\/5354"}],"wp:attachment":[{"href":"https:\/\/faceensemble.com\/de\/wp-json\/wp\/v2\/media?parent=5353"}],"wp:term":[{"taxonomy":"post_tag","embeddable":true,"href":"https:\/\/faceensemble.com\/de\/wp-json\/wp\/v2\/tags?post=5353"}],"curies":[{"name":"wp","href":"https:\/\/api.w.org\/{rel}","templated":true}]}}