{"id":5393,"date":"2019-01-02T14:34:27","date_gmt":"2019-01-02T14:34:27","guid":{"rendered":"https:\/\/faceensemble.com\/?page_id=5393"},"modified":"2024-11-15T15:58:02","modified_gmt":"2024-11-15T15:58:02","slug":"theatertanz","status":"publish","type":"page","link":"https:\/\/faceensemble.com\/de\/theatertanz\/","title":{"rendered":"TheaterTanz"},"content":{"rendered":"<h2><span lang=\"en-US\"><b>L\u00b4AMOUR FOU II \/ <a href=\"https:\/\/en.wikipedia.org\/wiki\/Wicca\" target=\"_blank\" rel=\"noopener\">WICCA<\/a> by Krist\u00f3f Szab\u00f3<\/b><\/span><\/h2>\n<h4><span lang=\"en-US\">With the poem <\/span><span lang=\"en-US\"><i>Deer of the Night<\/i><\/span><span lang=\"en-US\"> by <span style=\"text-decoration: underline;\"><a href=\"https:\/\/en.wikipedia.org\/wiki\/Pierre_Jean_Jouve\" target=\"_blank\" rel=\"noopener\">Pierre-Jean Jouve<\/a><\/span><\/span><span lang=\"en-US\"><b><br \/>\n<\/b><\/span><\/h4>\n<p>Premiere in Cologne at <a href=\"http:\/\/www.tanzfaktur.eu\/\" target=\"_blank\" rel=\"noopener\">tANZfAKtUR<\/a> 2015<\/p>\n<p><img data-recalc-dims=\"1\" loading=\"lazy\" decoding=\"async\" class=\"alignnone size-full wp-image-317\" src=\"https:\/\/i0.wp.com\/faceensemble.com\/wp-content\/uploads\/2016\/09\/face-kristc3b3f-szabc3b3-wicca-photo-by-alvaro-maldonado-03.jpg?resize=748%2C500&#038;ssl=1\" alt=\"FACE Krist\u00f3f Szab\u00f3 WICCA photo by Alvaro Maldonado 03\" width=\"748\" height=\"500\" \/><\/p>\n<h6>Photo \u00c1lvaro Maldonado<\/h6>\n<p>Dancers: <a href=\"https:\/\/faceensemble.com\/jose-sanchez-cv\/\">Jos\u00e9 S\u00e1nchez<\/a>, <a href=\"https:\/\/faceensemble.com\/photini-meletiadis-cv\/\">Photini Meletiadis<\/a>, <a href=\"https:\/\/faceensemble.com\/kathrin-blume-wankelmuth-cv\/\">Kathrin Blume-Wankelmuth<\/a>, <a href=\"https:\/\/faceensemble.com\/sara-blasco-cv\/\">Sara Blasco Guti\u00e9rrez<\/a>,\u00a0<a href=\"https:\/\/faceensemble.com\/theresia-erfort-cv\/\">Theresia Erfort<\/a> | Light:\u00a0<a href=\"https:\/\/faceensemble.com\/team\/garlef-kesler-cv\/\">Garlef Ke\u00dfler<\/a> | Projection-Art: <a href=\"https:\/\/3dvideomapping.net\/\" target=\"_blank\" rel=\"noopener\">Iv\u00f3 Kov\u00e1cs<\/a> | Poetry: <a href=\"https:\/\/en.wikipedia.org\/wiki\/Andr%C3%A9_Breton\" target=\"_blank\" rel=\"noopener\">Andr\u00e9 Breton<\/a>, <a href=\"https:\/\/en.wikipedia.org\/wiki\/Pierre_Jean_Jouve\" target=\"_blank\" rel=\"noopener\">Pierre-Jean Jouve<\/a> | Stage sculpture: B\u00e4rbel Nolden | Costume: <a href=\"https:\/\/faceensemble.com\/team\/emese-kasza-cv\/\">Emese Kasza<\/a>| Costume of the deer:\u00a0<a href=\"https:\/\/www.isabelcastrojung.com\/\" target=\"_blank\" rel=\"noopener\">Isabel Castro Jung<\/a> | Choreography: Krist\u00f3f Szab\u00f3 &amp; the dancers | Stage-Design, Directed by: <a href=\"https:\/\/faceensemble.com\/team\/kristof-szabo-cv\/\">Krist\u00f3f Szab\u00f3<\/a><\/p>\n<p class=\"jetpack-slideshow-noscript robots-nocontent\">Diese Diashow ben\u00f6tigt JavaScript.<\/p><div id=\"gallery-5393-1-slideshow\" class=\"jetpack-slideshow-window jetpack-slideshow jetpack-slideshow-black\" data-trans=\"fade\" data-autostart=\"1\" data-gallery=\"[{&quot;src&quot;:&quot;https:\\\/\\\/i0.wp.com\\\/faceensemble.com\\\/wp-content\\\/uploads\\\/2019\\\/01\\\/219_WICCA_cMEYER_ORIGINALS.jpg?fit=1772%2C1299\\u0026ssl=1&quot;,&quot;id&quot;:&quot;3979&quot;,&quot;title&quot;:&quot;WICCA (L\\u00b4AMOUR FOU)&quot;,&quot;alt&quot;:&quot;&quot;,&quot;caption&quot;:&quot;Jungfrau: Photini Meletiadis\\rMutter: Janina Bobrowski\\rAltes Weib: (N.N.)\\rHeros (Hirsch): Jos\\u00e9 Sanch\\u00e9z\\rTr\\u00e4umerin: Theresia Erfort\\rLicht: Garlef Ke\\u00dfler\\rChoreografie: Krist\\u00f3f Szab\\u00f3 mit P. Meletiadis, J. Bobrowski, R. Kojima, J. Sanch\\u00e9z\\rRegie: Krist\\u00f3f Szab\\u00f3&quot;,&quot;itemprop&quot;:&quot;image&quot;},{&quot;src&quot;:&quot;https:\\\/\\\/i0.wp.com\\\/faceensemble.com\\\/wp-content\\\/uploads\\\/2019\\\/01\\\/050_WICCA_cMEYER_ORIGINALS.jpg?fit=1772%2C1299\\u0026ssl=1&quot;,&quot;id&quot;:&quot;3975&quot;,&quot;title&quot;:&quot;WICCA (L\\u00b4AMOUR FOU)&quot;,&quot;alt&quot;:&quot;&quot;,&quot;caption&quot;:&quot;Jungfrau: Photini Meletiadis\\rMutter: Janina Bobrowski\\rAltes Weib: (N.N.)\\rHeros (Hirsch): Jos\\u00e9 Sanch\\u00e9z\\rTr\\u00e4umerin: Theresia Erfort\\rLicht: Garlef Ke\\u00dfler\\rChoreografie: Krist\\u00f3f Szab\\u00f3 mit P. Meletiadis, J. Bobrowski, R. Kojima, J. Sanch\\u00e9z\\rRegie: Krist\\u00f3f Szab\\u00f3&quot;,&quot;itemprop&quot;:&quot;image&quot;},{&quot;src&quot;:&quot;https:\\\/\\\/i0.wp.com\\\/faceensemble.com\\\/wp-content\\\/uploads\\\/2016\\\/09\\\/160_wicca_cmeyer_originals.jpg?fit=1772%2C1299\\u0026ssl=1&quot;,&quot;id&quot;:&quot;3402&quot;,&quot;title&quot;:&quot;WICCA (L\\u00b4AMOUR FOU)&quot;,&quot;alt&quot;:&quot;&quot;,&quot;caption&quot;:&quot;Jungfrau: Photini Meletiadis\\rMutter: Janina Bobrowski\\rAltes Weib: (N.N.)\\rHeros (Hirsch): Jos\\u00e9 Sanch\\u00e9z\\rTr\\u00e4umerin: Theresia Erfort\\rLicht: Garlef Ke\\u00dfler\\rChoreografie: Krist\\u00f3f Szab\\u00f3 mit P. Meletiadis, J. Bobrowski, R. Kojima, J. Sanch\\u00e9z\\rRegie: Krist\\u00f3f Szab\\u00f3&quot;,&quot;itemprop&quot;:&quot;image&quot;},{&quot;src&quot;:&quot;https:\\\/\\\/i0.wp.com\\\/faceensemble.com\\\/wp-content\\\/uploads\\\/2016\\\/09\\\/face-kristc3b3f-szabc3b3-wicca-photo-by-alvaro-maldonado-25.jpg?fit=4992%2C3328\\u0026ssl=1&quot;,&quot;id&quot;:&quot;3426&quot;,&quot;title&quot;:&quot;FACE Krist\\u00f3f Szab\\u00f3 WICCA photo by Alvaro Maldonado 25&quot;,&quot;alt&quot;:&quot;&quot;,&quot;caption&quot;:&quot;&quot;,&quot;itemprop&quot;:&quot;image&quot;},{&quot;src&quot;:&quot;https:\\\/\\\/i0.wp.com\\\/faceensemble.com\\\/wp-content\\\/uploads\\\/2016\\\/09\\\/face-kristc3b3f-szabc3b3-wicca-photo-by-alvaro-maldonado-43.jpg?fit=4992%2C3328\\u0026ssl=1&quot;,&quot;id&quot;:&quot;3430&quot;,&quot;title&quot;:&quot;FACE Krist\\u00f3f Szab\\u00f3 WICCA photo by Alvaro Maldonado 43&quot;,&quot;alt&quot;:&quot;&quot;,&quot;caption&quot;:&quot;&quot;,&quot;itemprop&quot;:&quot;image&quot;},{&quot;src&quot;:&quot;https:\\\/\\\/i0.wp.com\\\/faceensemble.com\\\/wp-content\\\/uploads\\\/2016\\\/09\\\/159_wicca_cmeyer_originals.jpg?fit=1772%2C1299\\u0026ssl=1&quot;,&quot;id&quot;:&quot;3400&quot;,&quot;title&quot;:&quot;WICCA (L\\u00b4AMOUR FOU)&quot;,&quot;alt&quot;:&quot;&quot;,&quot;caption&quot;:&quot;Jungfrau: Photini Meletiadis\\nMutter: Janina Bobrowski\\nAltes Weib: (N.N.)\\nHeros (Hirsch): Jos\\u00e9 Sanch\\u00e9z\\nTr\\u00e4umerin: Theresia Erfort\\nLicht: Garlef Ke\\u00dfler\\nChoreografie: Krist\\u00f3f Szab\\u00f3 mit P. Meletiadis, J. Bobrowski, R. Kojima, J. Sanch\\u00e9z\\nRegie: Krist\\u00f3f Szab\\u00f3&quot;,&quot;itemprop&quot;:&quot;image&quot;},{&quot;src&quot;:&quot;https:\\\/\\\/i0.wp.com\\\/faceensemble.com\\\/wp-content\\\/uploads\\\/2016\\\/09\\\/face-kristc3b3f-szabc3b3-wicca-photo-by-alvaro-maldonado-18.jpg?fit=4992%2C3328\\u0026ssl=1&quot;,&quot;id&quot;:&quot;3424&quot;,&quot;title&quot;:&quot;FACE Krist\\u00f3f Szab\\u00f3 WICCA photo by Alvaro Maldonado 18&quot;,&quot;alt&quot;:&quot;&quot;,&quot;caption&quot;:&quot;&quot;,&quot;itemprop&quot;:&quot;image&quot;},{&quot;src&quot;:&quot;https:\\\/\\\/i0.wp.com\\\/faceensemble.com\\\/wp-content\\\/uploads\\\/2016\\\/09\\\/3_13.jpg?fit=4992%2C3328\\u0026ssl=1&quot;,&quot;id&quot;:&quot;3384&quot;,&quot;title&quot;:&quot;3_13&quot;,&quot;alt&quot;:&quot;&quot;,&quot;caption&quot;:&quot;&quot;,&quot;itemprop&quot;:&quot;image&quot;},{&quot;src&quot;:&quot;https:\\\/\\\/i0.wp.com\\\/faceensemble.com\\\/wp-content\\\/uploads\\\/2016\\\/09\\\/3_38.jpg?fit=4629%2C3328\\u0026ssl=1&quot;,&quot;id&quot;:&quot;3386&quot;,&quot;title&quot;:&quot;3_38&quot;,&quot;alt&quot;:&quot;&quot;,&quot;caption&quot;:&quot;&quot;,&quot;itemprop&quot;:&quot;image&quot;},{&quot;src&quot;:&quot;https:\\\/\\\/i0.wp.com\\\/faceensemble.com\\\/wp-content\\\/uploads\\\/2016\\\/09\\\/057_wicca_cmeyer_originals.jpg?fit=1772%2C1299\\u0026ssl=1&quot;,&quot;id&quot;:&quot;3390&quot;,&quot;title&quot;:&quot;WICCA (L\\u00b4AMOUR FOU)&quot;,&quot;alt&quot;:&quot;&quot;,&quot;caption&quot;:&quot;Jungfrau: Photini Meletiadis\\nMutter: Janina Bobrowski\\nAltes Weib: (N.N.)\\nHeros (Hirsch): Jos\\u00e9 Sanch\\u00e9z\\nTr\\u00e4umerin: Theresia Erfort\\nLicht: Garlef Ke\\u00dfler\\nChoreografie: Krist\\u00f3f Szab\\u00f3 mit P. Meletiadis, J. Bobrowski, R. Kojima, J. Sanch\\u00e9z\\nRegie: Krist\\u00f3f Szab\\u00f3&quot;,&quot;itemprop&quot;:&quot;image&quot;}]\" itemscope itemtype=\"https:\/\/schema.org\/ImageGallery\"><\/div>\n<h2><\/h2>\n<h2><span lang=\"en-US\">GAS II by <\/span><span lang=\"en-US\"><b>Georg Kaiser<\/b><\/span><span lang=\"en-US\"> (directed by Krist\u00f3f Szab\u00f3)<\/span><\/h2>\n<p>site specific &#8211; premiere in Cologne-Ehrenfeld 2014 in a bunker of the World War II.<\/p>\n<p>In cooperation with the institute <a href=\"https:\/\/moderneimrheinland.wordpress.com\/about\/\" target=\"_blank\" rel=\"noopener\">Moderne im Rheinland<\/a> and the exhibition <a href=\"http:\/\/www.ortederutopie.eu\/#\/onePager\/view\/index\/part\/ueber\" target=\"_blank\" rel=\"noopener\">Orte der Utopie<\/a><\/p>\n<p>Please click on the image to see the trailer: <a href=\"https:\/\/www.youtube.com\/watch?v=VK8YhXnOWPM&amp;t=258s\" target=\"_blank\" rel=\"noopener\">GAS II &#8211; Trailer<\/a><\/p>\n<p class=\"jetpack-slideshow-noscript robots-nocontent\">Diese Diashow ben\u00f6tigt JavaScript.<\/p><div id=\"gallery-5393-2-slideshow\" class=\"jetpack-slideshow-window jetpack-slideshow jetpack-slideshow-black\" data-trans=\"fade\" data-autostart=\"1\" data-gallery=\"[{&quot;src&quot;:&quot;https:\\\/\\\/i0.wp.com\\\/faceensemble.com\\\/wp-content\\\/uploads\\\/2016\\\/09\\\/025_gazii_cmeyer_originals.jpg?fit=1772%2C1299\\u0026ssl=1&quot;,&quot;id&quot;:&quot;3388&quot;,&quot;title&quot;:&quot;Georg Kaiser: Gas II&quot;,&quot;alt&quot;:&quot;&quot;,&quot;caption&quot;:&quot;Georg Kaiser: Gas II, F.A.C.E. Theater-Ensemble, Regie: Krist\\u00f3f Szab\\u00f3\\rSPRECHTHEATER Thomas Krutmann, Ursula W\\u00fcsthof, Alexander K\\u00fcpper, Ivan Zilli, B\\u00e4rbel Nolden, Lara Hoffmann, Silke SchmitzSPRECHTHEATER \\u0026amp; NEUER TANZ Hannah Platzer, Dwayne Holliday, Photini Meletiadis, Volker Wurth, Nina KarimyMINIPERFORMANCES Arne Harder, Cecilia Szab\\u00f3, Garlef Ke\\u00dfler, Nina Karimy, Svenja Jerg, Lale KonukSTIMMEN, MUSIK \\u0026amp; SOUND (live) Polyfolie ArchestraVIDEO-ART Iv\\u00f3 Kov\\u00e1csKOST\\u00dcM Emese KaszaLICHT Garlef Ke\\u00dflerGRAPHIK designrevolte.dePR \\u0026amp; Beratung Lale KonukDRAMATURGIE \\u0026amp; REGIE Krist\\u00f3f Szab\\u00f3In Kooperation mit dem F\\u00f6rderkreis Hochbunker K\\u00f6rnerstra\\u00dfe 101 e.V.Eine Produktion von: SPOTNIK \\u2013 Intermediale K\\u00fcnste e.V. K\\u00f6ln&quot;,&quot;itemprop&quot;:&quot;image&quot;},{&quot;src&quot;:&quot;https:\\\/\\\/i0.wp.com\\\/faceensemble.com\\\/wp-content\\\/uploads\\\/2016\\\/09\\\/1_345_gazii_cmeyer_originals.jpg?fit=1772%2C1299\\u0026ssl=1&quot;,&quot;id&quot;:&quot;3382&quot;,&quot;title&quot;:&quot;&quot;,&quot;alt&quot;:&quot;&quot;,&quot;caption&quot;:&quot;&quot;,&quot;itemprop&quot;:&quot;image&quot;},{&quot;src&quot;:&quot;https:\\\/\\\/i0.wp.com\\\/faceensemble.com\\\/wp-content\\\/uploads\\\/2016\\\/09\\\/1_232_gazii_cmeyer_originals.jpg?fit=1772%2C1299\\u0026ssl=1&quot;,&quot;id&quot;:&quot;3376&quot;,&quot;title&quot;:&quot;Georg Kaiser: Gas II&quot;,&quot;alt&quot;:&quot;&quot;,&quot;caption&quot;:&quot;Georg Kaiser: Gas II, F.A.C.E. Theater-Ensemble, Regie: Krist\\u00f3f Szab\\u00f3\\rSPRECHTHEATER Thomas Krutmann, Ursula W\\u00fcsthof, Alexander K\\u00fcpper, Ivan Zilli, B\\u00e4rbel Nolden, Lara Hoffmann, Silke SchmitzSPRECHTHEATER \\u0026amp; NEUER TANZ Hannah Platzer, Dwayne Holliday, Photini Meletiadis, Volker Wurth, Nina KarimyMINIPERFORMANCES Arne Harder, Cecilia Szab\\u00f3, Garlef Ke\\u00dfler, Nina Karimy, Svenja Jerg, Lale KonukSTIMMEN, MUSIK \\u0026amp; SOUND (live) Polyfolie ArchestraVIDEO-ART Iv\\u00f3 Kov\\u00e1csKOST\\u00dcM Emese KaszaLICHT Garlef Ke\\u00dflerGRAPHIK designrevolte.dePR \\u0026amp; Beratung Lale KonukDRAMATURGIE \\u0026amp; REGIE Krist\\u00f3f Szab\\u00f3In Kooperation mit dem F\\u00f6rderkreis Hochbunker K\\u00f6rnerstra\\u00dfe 101 e.V.Eine Produktion von: SPOTNIK \\u2013 Intermediale K\\u00fcnste e.V. K\\u00f6ln&quot;,&quot;itemprop&quot;:&quot;image&quot;},{&quot;src&quot;:&quot;https:\\\/\\\/i0.wp.com\\\/faceensemble.com\\\/wp-content\\\/uploads\\\/2016\\\/09\\\/1_197_gazii_cmeyer_originals.jpg?fit=1772%2C1299\\u0026ssl=1&quot;,&quot;id&quot;:&quot;3374&quot;,&quot;title&quot;:&quot;Georg Kaiser: Gas II&quot;,&quot;alt&quot;:&quot;&quot;,&quot;caption&quot;:&quot;Georg Kaiser: Gas II, F.A.C.E. Theater-Ensemble, Regie: Krist\\u00f3f Szab\\u00f3\\rSPRECHTHEATER Thomas Krutmann, Ursula W\\u00fcsthof, Alexander K\\u00fcpper, Ivan Zilli, B\\u00e4rbel Nolden, Lara Hoffmann, Silke SchmitzSPRECHTHEATER \\u0026amp; NEUER TANZ Hannah Platzer, Dwayne Holliday, Photini Meletiadis, Volker Wurth, Nina KarimyMINIPERFORMANCES Arne Harder, Cecilia Szab\\u00f3, Garlef Ke\\u00dfler, Nina Karimy, Svenja Jerg, Lale KonukSTIMMEN, MUSIK \\u0026amp; SOUND (live) Polyfolie ArchestraVIDEO-ART Iv\\u00f3 Kov\\u00e1csKOST\\u00dcM Emese KaszaLICHT Garlef Ke\\u00dflerGRAPHIK designrevolte.dePR \\u0026amp; Beratung Lale KonukDRAMATURGIE \\u0026amp; REGIE Krist\\u00f3f Szab\\u00f3In Kooperation mit dem F\\u00f6rderkreis Hochbunker K\\u00f6rnerstra\\u00dfe 101 e.V.Eine Produktion von: SPOTNIK \\u2013 Intermediale K\\u00fcnste e.V. K\\u00f6ln&quot;,&quot;itemprop&quot;:&quot;image&quot;},{&quot;src&quot;:&quot;https:\\\/\\\/i0.wp.com\\\/faceensemble.com\\\/wp-content\\\/uploads\\\/2016\\\/09\\\/1_235_gazii_cmeyer_originals.jpg?fit=1772%2C1299\\u0026ssl=1&quot;,&quot;id&quot;:&quot;3378&quot;,&quot;title&quot;:&quot;Georg Kaiser: Gas II&quot;,&quot;alt&quot;:&quot;&quot;,&quot;caption&quot;:&quot;Georg Kaiser: Gas II, F.A.C.E. Theater-Ensemble, Regie: Krist\\u00f3f Szab\\u00f3\\rSPRECHTHEATER Thomas Krutmann, Ursula W\\u00fcsthof, Alexander K\\u00fcpper, Ivan Zilli, B\\u00e4rbel Nolden, Lara Hoffmann, Silke SchmitzSPRECHTHEATER \\u0026amp; NEUER TANZ Hannah Platzer, Dwayne Holliday, Photini Meletiadis, Volker Wurth, Nina KarimyMINIPERFORMANCES Arne Harder, Cecilia Szab\\u00f3, Garlef Ke\\u00dfler, Nina Karimy, Svenja Jerg, Lale KonukSTIMMEN, MUSIK \\u0026amp; SOUND (live) Polyfolie ArchestraVIDEO-ART Iv\\u00f3 Kov\\u00e1csKOST\\u00dcM Emese KaszaLICHT Garlef Ke\\u00dflerGRAPHIK designrevolte.dePR \\u0026amp; Beratung Lale KonukDRAMATURGIE \\u0026amp; REGIE Krist\\u00f3f Szab\\u00f3In Kooperation mit dem F\\u00f6rderkreis Hochbunker K\\u00f6rnerstra\\u00dfe 101 e.V.Eine Produktion von: SPOTNIK \\u2013 Intermediale K\\u00fcnste e.V. K\\u00f6ln&quot;,&quot;itemprop&quot;:&quot;image&quot;},{&quot;src&quot;:&quot;https:\\\/\\\/i0.wp.com\\\/faceensemble.com\\\/wp-content\\\/uploads\\\/2016\\\/09\\\/1_263_gazii_cmeyer_originals.jpg?fit=1772%2C1299\\u0026ssl=1&quot;,&quot;id&quot;:&quot;3380&quot;,&quot;title&quot;:&quot;Georg Kaiser: Gas II&quot;,&quot;alt&quot;:&quot;&quot;,&quot;caption&quot;:&quot;Georg Kaiser: Gas II, F.A.C.E. Theater-Ensemble, Regie: Krist\\u00f3f Szab\\u00f3\\rSPRECHTHEATER Thomas Krutmann, Ursula W\\u00fcsthof, Alexander K\\u00fcpper, Ivan Zilli, B\\u00e4rbel Nolden, Lara Hoffmann, Silke SchmitzSPRECHTHEATER \\u0026amp; NEUER TANZ Hannah Platzer, Dwayne Holliday, Photini Meletiadis, Volker Wurth, Nina KarimyMINIPERFORMANCES Arne Harder, Cecilia Szab\\u00f3, Garlef Ke\\u00dfler, Nina Karimy, Svenja Jerg, Lale KonukSTIMMEN, MUSIK \\u0026amp; SOUND (live) Polyfolie ArchestraVIDEO-ART Iv\\u00f3 Kov\\u00e1csKOST\\u00dcM Emese KaszaLICHT Garlef Ke\\u00dflerGRAPHIK designrevolte.dePR \\u0026amp; Beratung Lale KonukDRAMATURGIE \\u0026amp; REGIE Krist\\u00f3f Szab\\u00f3In Kooperation mit dem F\\u00f6rderkreis Hochbunker K\\u00f6rnerstra\\u00dfe 101 e.V.Eine Produktion von: SPOTNIK \\u2013 Intermediale K\\u00fcnste e.V. K\\u00f6ln&quot;,&quot;itemprop&quot;:&quot;image&quot;},{&quot;src&quot;:&quot;https:\\\/\\\/i0.wp.com\\\/faceensemble.com\\\/wp-content\\\/uploads\\\/2016\\\/09\\\/1_149_gazii_cmeyer_originals.jpg?fit=1772%2C1299\\u0026ssl=1&quot;,&quot;id&quot;:&quot;3372&quot;,&quot;title&quot;:&quot;Georg Kaiser: Gas II&quot;,&quot;alt&quot;:&quot;&quot;,&quot;caption&quot;:&quot;Georg Kaiser: Gas II, F.A.C.E. Theater-Ensemble, Regie: Krist\\u00f3f Szab\\u00f3\\nSPRECHTHEATER Thomas Krutmann, Ursula W\\u00fcsthof, Alexander K\\u00fcpper, Ivan Zilli, B\\u00e4rbel Nolden, Lara Hoffmann, Silke SchmitzSPRECHTHEATER \\u0026amp; NEUER TANZ Hannah Platzer, Dwayne Holliday, Photini Meletiadis, Volker Wurth, Nina KarimyMINIPERFORMANCES Arne Harder, Cecilia Szab\\u00f3, Garlef Ke\\u00dfler, Nina Karimy, Svenja Jerg, Lale KonukSTIMMEN, MUSIK \\u0026amp; SOUND (live) Polyfolie ArchestraVIDEO-ART Iv\\u00f3 Kov\\u00e1csKOST\\u00dcM Emese KaszaLICHT Garlef Ke\\u00dflerGRAPHIK designrevolte.dePR \\u0026amp; Beratung Lale KonukDRAMATURGIE \\u0026amp; REGIE Krist\\u00f3f Szab\\u00f3In Kooperation mit dem F\\u00f6rderkreis Hochbunker K\\u00f6rnerstra\\u00dfe 101 e.V.Eine Produktion von: SPOTNIK \\u2013 Intermediale K\\u00fcnste e.V. K\\u00f6ln&quot;,&quot;itemprop&quot;:&quot;image&quot;},{&quot;src&quot;:&quot;https:\\\/\\\/i0.wp.com\\\/faceensemble.com\\\/wp-content\\\/uploads\\\/2016\\\/09\\\/103_gazii_cmeyer_originals-e1562413296476.jpg?fit=1772%2C1299\\u0026ssl=1&quot;,&quot;id&quot;:&quot;3396&quot;,&quot;title&quot;:&quot;&quot;,&quot;alt&quot;:&quot;&quot;,&quot;caption&quot;:&quot;&quot;,&quot;itemprop&quot;:&quot;image&quot;}]\" itemscope itemtype=\"https:\/\/schema.org\/ImageGallery\"><\/div>\n<p><strong>Dancers:<\/strong> <a href=\"https:\/\/faceensemble.com\/photini-meletiadis-cv\/\">Photini Meletiadis<\/a>, Hannah Platzer, Dwayne Holliday, Volker Wurth\u00a0 | <strong>Musicians:<\/strong> Polyfolie Archestra &#8211; Voice-Art: Iouri Grankin, B\u00e4rbel Nolden, Norbert Zajac, <a href=\"https:\/\/faceensemble.com\/ivan-zilli-cv\/\">Ivan Zilli<\/a> and others, Voice-Art &amp; Trombone: <a href=\"http:\/\/www.voccolours.com\/vita.html\" target=\"_blank\" rel=\"noopener\">Brigitte K\u00fcpper<\/a>, Trompet: Karl Kr\u00fctzmann and others <strong>Actors:<\/strong> <a href=\"https:\/\/faceensemble.com\/team\/thomas-krutmann-cv\/\">Thomas Krutmann<\/a>, <a href=\"https:\/\/faceensemble.com\/team\/ursula-wusthof-cv\/\">Ursula W\u00fcsthof<\/a>, Alexander K\u00fcpper, Nina Karimi, Lara Roth, Svenja Jerg, Silke Schmitz|<strong>Performance:<\/strong> Aarne Harder, Cecilia Szab\u00f3 |<strong>Light<\/strong>:\u00a0<a href=\"https:\/\/faceensemble.com\/team\/garlef-kesler-cv\/\">Garlef Ke\u00dfler<\/a> | <strong>Projection-Art<\/strong>: <a href=\"https:\/\/3dvideomapping.net\/\" target=\"_blank\" rel=\"noopener\">Iv\u00f3 Kov\u00e1cs<\/a> | <strong>Costume<\/strong>: <a href=\"https:\/\/faceensemble.com\/team\/emese-kasza-cv\/\">Emese Kasza<\/a>| <strong>Choreography<\/strong>: The dancers | <strong>Stage-Design, Directed by<\/strong>: <a href=\"https:\/\/faceensemble.com\/team\/kristof-szabo-cv\/\">Krist\u00f3f Szab\u00f3<\/a><\/p>\n<p>&nbsp;<\/p>\n<h2><a href=\"https:\/\/en.wikipedia.org\/wiki\/Philoctetes\" target=\"_blank\" rel=\"noopener\">PHILOKTET\u00a0<\/a>by <a href=\"http:\/\/www.kristof-szabo.com\/\" target=\"_blank\" rel=\"noopener\">Krist\u00f3f Szab\u00f3<\/a><\/h2>\n<p><strong>With a long-poem by <a href=\"http:\/\/www.kristof-szabo.com\/\" target=\"_blank\" rel=\"noopener\">Krist\u00f3f Szab\u00f3<\/a><\/strong><\/p>\n<p>Premiere in Cologne at <a href=\"http:\/\/www.barnescrossing.de\/news.html\" target=\"_blank\" rel=\"noopener\">Barnes Crossing<\/a> 2012<\/p>\n<p><img data-recalc-dims=\"1\" loading=\"lazy\" decoding=\"async\" class=\"alignnone  wp-image-341\" src=\"https:\/\/i0.wp.com\/faceensemble.com\/wp-content\/uploads\/2016\/09\/kristc3b3f-szabc3b3-philoktet-photo-by-mike-kleinen-2.jpg?resize=689%2C459&#038;ssl=1\" alt=\"Krist\u00f3f Szab\u00f3 PHILOKTET photo by Mike Kleinen (2)\" width=\"689\" height=\"459\" \/><\/p>\n<h6>Photo <a href=\"https:\/\/faceensemble.com\/team\/mike-kleinen-cv\/\">Mike Kleinen <\/a><\/h6>\n<p>Voice (narration): Lisa Laux | Voice (experimental): <a href=\"http:\/\/www.voccolours.com\/vita.html\" target=\"_blank\" rel=\"noopener\">Brigitte K\u00fcpper<\/a> | Dancers: Mack Kubicki,\u00a0<a href=\"https:\/\/faceensemble.com\/kathrin-blume-wankelmuth-cv\/\">Kathrin Blume-Wankelmuth<\/a> | Projection-Art: <a href=\"https:\/\/3dvideomapping.net\/\" target=\"_blank\" rel=\"noopener\">Iv\u00f3 Kov\u00e1cs<\/a> | Choreography: Krist\u00f3f Szab\u00f3, Mack Kubicki, Kathrin Blume-Wankelmuth | Stage-Design, Text, Directed by\u00a0<a href=\"https:\/\/faceensemble.com\/team\/kristof-szabo-cv\/\">Krist\u00f3f Szab\u00f3<\/a><\/p>\n<p>&nbsp;<\/p>\n<h2>DEEP BREATH (LICHT 2) by Krist\u00f3f Szab\u00f3<\/h2>\n<h4>With a poem by <a href=\"https:\/\/en.wikipedia.org\/wiki\/Ingeborg_Bachmann\" target=\"_blank\" rel=\"noopener\"><span style=\"text-decoration: underline;\">Ingeborg Bachmann<\/span><\/a><\/h4>\n<p>Premiere in Cologne at <a href=\"http:\/\/www.barnescrossing.de\/news.html\" target=\"_blank\" rel=\"noopener\">Barnes Crossing <\/a>2011<\/p>\n<p><span style=\"color: #ff0000;\"><em>Nominated for the Cologne Dancetheatre Award (best dance production of the year 2011)<\/em><\/span><\/p>\n<p><img data-recalc-dims=\"1\" loading=\"lazy\" decoding=\"async\" class=\"alignnone  wp-image-342\" src=\"https:\/\/i0.wp.com\/faceensemble.com\/wp-content\/uploads\/2016\/09\/kristc3b3f-szabc3b3_deep-breath-licht-ii-karolina-tc3b3th-andrc3a1s-dobi-photo-by-mike-kleinen_img_9929_out.jpg?resize=338%2C225&#038;ssl=1\" alt=\"Krist\u00f3f Szab\u00f3_DEEP BREATH (LICHT II) Karolina T\u00f3th Andr\u00e1s Dobi photo by Mike Kleinen_IMG_9929_out\" width=\"338\" height=\"225\" \/><img data-recalc-dims=\"1\" loading=\"lazy\" decoding=\"async\" class=\"alignnone  wp-image-351\" src=\"https:\/\/i0.wp.com\/faceensemble.com\/wp-content\/uploads\/2016\/09\/press_kristc3b3f-szabc3b3_deep-breath-light2-photo-by-mike-kleinen_img_9911_bright.jpg?resize=338%2C225&#038;ssl=1\" alt=\"press_Krist\u00f3f Szab\u00f3_DEEP BREATH (Light2) photo by Mike Kleinen_IMG_9911_bright\" width=\"338\" height=\"225\" \/><\/p>\n<h6>Photos <a href=\"https:\/\/faceensemble.com\/team\/mike-kleinen-cv\/\">Mike Kleinen<\/a><\/h6>\n<p>Projection-Art: <a href=\"https:\/\/3dvideomapping.net\/\" target=\"_blank\" rel=\"noopener\">Iv\u00f3 Kov\u00e1cs<\/a> | Dancers: Andr\u00e1s Dobi, Hannah Platzer, <a href=\"https:\/\/faceensemble.com\/team\/karolina-toth-cv\/\">Karolina T\u00f3th<\/a><\/p>\n<p>Costume:\u00a0<a href=\"https:\/\/faceensemble.com\/team\/emese-kasza-cv\/\">Emese Kasza <\/a> | Stage-design, Choreography, Directed by: <a href=\"https:\/\/faceensemble.com\/team\/kristof-szabo-cv\/\">Krist\u00f3f Szab\u00f3 <\/a><\/p>\n<p><img data-recalc-dims=\"1\" loading=\"lazy\" decoding=\"async\" class=\"alignnone size-full wp-image-1117\" src=\"https:\/\/i0.wp.com\/faceensemble.com\/wp-content\/uploads\/2019\/01\/krist%C3%B3f_szab%C3%B3_deep-breath_photo_by_mike_kleinen_img_0002_1100_bright_.jpg?resize=748%2C498&#038;ssl=1\" alt=\"krist\u00f3f_szab\u00f3_deep breath_photo_by_mike_kleinen_img_0002_1100_bright_\" width=\"748\" height=\"498\" \/><\/p>\n<h6>photo <a href=\"https:\/\/faceensemble.com\/team\/mike-kleinen-cv\/\">Mike Kleinen<\/a><\/h6>\n","protected":false},"excerpt":{"rendered":"<p>L\u00b4AMOUR FOU II \/ WICCA by Krist\u00f3f Szab\u00f3 With the poem Deer of the Night by Pierre-Jean Jouve Premiere in Cologne at tANZfAKtUR 2015 Photo \u00c1lvaro Maldonado Dancers: Jos\u00e9 S\u00e1nchez, Photini Meletiadis, Kathrin Blume-Wankelmuth, Sara Blasco Guti\u00e9rrez,\u00a0Theresia Erfort | Light:\u00a0Garlef Ke\u00dfler | Projection-Art: Iv\u00f3 Kov\u00e1cs | Poetry: Andr\u00e9 Breton, Pierre-Jean Jouve | Stage sculpture: B\u00e4rbel &hellip; <a class=\"more-link\" href=\"https:\/\/faceensemble.com\/de\/theatertanz\/\">Mehr <span class=\"screen-reader-text\">TheaterTanz<\/span><\/a><\/p>\n","protected":false},"author":12093239,"featured_media":0,"parent":0,"menu_order":0,"comment_status":"closed","ping_status":"closed","template":"","meta":{"_coblocks_attr":"","_coblocks_dimensions":"","_coblocks_responsive_height":"","_coblocks_accordion_ie_support":"","_crdt_document":"","advanced_seo_description":"","jetpack_seo_html_title":"","jetpack_seo_noindex":false,"footnotes":""},"tags":[],"class_list":["post-5393","page","type-page","status-publish","hentry"],"jetpack_likes_enabled":true,"jetpack_sharing_enabled":true,"jetpack_shortlink":"https:\/\/wp.me\/P7OOTK-1oZ","jetpack-related-posts":[],"_links":{"self":[{"href":"https:\/\/faceensemble.com\/de\/wp-json\/wp\/v2\/pages\/5393","targetHints":{"allow":["GET"]}}],"collection":[{"href":"https:\/\/faceensemble.com\/de\/wp-json\/wp\/v2\/pages"}],"about":[{"href":"https:\/\/faceensemble.com\/de\/wp-json\/wp\/v2\/types\/page"}],"author":[{"embeddable":true,"href":"https:\/\/faceensemble.com\/de\/wp-json\/wp\/v2\/users\/12093239"}],"replies":[{"embeddable":true,"href":"https:\/\/faceensemble.com\/de\/wp-json\/wp\/v2\/comments?post=5393"}],"version-history":[{"count":1,"href":"https:\/\/faceensemble.com\/de\/wp-json\/wp\/v2\/pages\/5393\/revisions"}],"predecessor-version":[{"id":5394,"href":"https:\/\/faceensemble.com\/de\/wp-json\/wp\/v2\/pages\/5393\/revisions\/5394"}],"wp:attachment":[{"href":"https:\/\/faceensemble.com\/de\/wp-json\/wp\/v2\/media?parent=5393"}],"wp:term":[{"taxonomy":"post_tag","embeddable":true,"href":"https:\/\/faceensemble.com\/de\/wp-json\/wp\/v2\/tags?post=5393"}],"curies":[{"name":"wp","href":"https:\/\/api.w.org\/{rel}","templated":true}]}}