{"id":5401,"date":"2019-07-12T08:19:53","date_gmt":"2019-07-12T08:19:53","guid":{"rendered":"https:\/\/faceensemble.com\/?page_id=5401"},"modified":"2024-11-15T16:01:45","modified_gmt":"2024-11-15T16:01:45","slug":"yoko-der-falsche-tiger-und-das-glueck","status":"publish","type":"page","link":"https:\/\/faceensemble.com\/de\/yoko-der-falsche-tiger-und-das-glueck\/","title":{"rendered":"YOKO &#8211; Der falsche Tiger und das Gl\u00fcck"},"content":{"rendered":"\r\n\r\nKom\u00f6die f\u00fcr Kinder und Erwchsene ab 6 Jahren\r\n\r\n\r\n\r\n\r\n\r\nSpieltermine:\r\n\r\n\r\n\r\n\r\n\r\n8, 9, 15, 16. Oktober 2022\r\n\r\n\r\n\r\n\r\n\r\nHORIZONT THEATER K\u00f6ln, Th\u00fcrmchenswall 25, 50668 K\u00f6ln\r\n\r\n\r\n\r\n\r\n\r\nKARTENTELEFON: 0221-131604\r\n\r\n\r\n\r\n\r\n\r\nZum Anschauen klicken Sie bitte hier <a href=\"https:\/\/vimeo.com\/374490941\" target=\"_blank\" rel=\"noopener\"><span style=\"color: #0000ff;\">Teaser (5 Minuten) Der falsche Tiger und das Gl\u00fcck<\/span><\/a>\r\n\r\n\r\n\r\n\r\n<figure class=\"wp-block-embed is-type-video is-provider-vimeo wp-block-embed-vimeo wp-embed-aspect-16-9 wp-has-aspect-ratio\">\r\n<div class=\"wp-block-embed__wrapper\"><a href=\"https:\/\/vimeo.com\/374490941\" rel=\"nofollow\">https:\/\/vimeo.com\/374490941<\/a><\/div><\/figure>\r\n\r\n\r\n\r\n\r\nInformationen s. auch: <a href=\"https:\/\/faceensemble.com\/kindertheater\/\"><span style=\"color: #0000ff;\">Krist\u00f3f Szab\u00f3 F.A.C.E. &#8211; KINDERTHEATER<\/span><\/a>\r\n\r\n\r\n\r\n\r\n<h6 class=\"wp-block-heading\" id=\"fotos-mike-kleinen\">Fotos <a href=\"https:\/\/faceensemble.com\/team\/mike-kleinen-cv\/\"><span style=\"color: #0000ff;\">Mike Kleinen<\/span><\/a><\/h6>\r\n\r\n\r\n\r\n\r\nZuerst egoistisch und auf materielles Gl\u00fcck aus, findet Yoko im Verlauf der Geschichte heraus, dass der Respekt f\u00fcr alle Lebewesen erst das Erleben von wahrem Gl\u00fcck m\u00f6glich macht.\r\n\r\n\r\n\r\n\r\n\r\nYoko ist arm und tr\u00e4umt davon, reich und ber\u00fchmt zu werden. Sie ist vor den Regeln ihrer schrulligen Oma davon gelaufen und lebt versteckt unter dem Bahnhof von Tokyo.\r\n\r\n\r\n\r\n\r\n<figure class=\"wp-block-image\"><img data-recalc-dims=\"1\" loading=\"lazy\" decoding=\"async\" width=\"748\" height=\"498\" class=\"wp-image-1853\" src=\"https:\/\/i0.wp.com\/faceensemble.com\/wp-content\/uploads\/2019\/11\/k-szabo-face-der-falsche-tiger-foto-mike-kleinen-7.jpg?resize=748%2C498&#038;ssl=1\" alt=\"K Szabo FACE Der falsche Tiger Foto Mike Kleinen (7)\" \/><\/figure>\r\n\r\n\r\n\r\n<h6 class=\"wp-block-heading\" id=\"foto-mike-kleinen\">Foto <span style=\"color: #0000ff;\"><a style=\"color: #0000ff;\" href=\"https:\/\/faceensemble.com\/team\/mike-kleinen-cv\/\">Mike Kleinen<\/a><\/span><\/h6>\r\n\r\n\r\n\r\n\r\nTe, die Zauberin, schenkt Yoko ein Schaf, doch kein gew\u00f6hnliches: Mo kann sich in einen zahmen tanzenden Tiger verwandeln.\r\n\r\n\r\n\r\n\r\n<figure class=\"wp-block-image\"><img data-recalc-dims=\"1\" loading=\"lazy\" decoding=\"async\" width=\"748\" height=\"499\" class=\"wp-image-1618\" src=\"https:\/\/i0.wp.com\/faceensemble.com\/wp-content\/uploads\/2019\/10\/img_5171.jpg?resize=748%2C499&#038;ssl=1\" alt=\"IMG_5171\" \/><\/figure>\r\n\r\n\r\n\r\n<h6 class=\"wp-block-heading\" id=\"foto-mike-kleinen\">Foto\u00a0<a href=\"https:\/\/faceensemble.com\/team\/mike-kleinen-cv\/\"><span style=\"color: #0000ff;\">Mike Kleinen<\/span> <\/a><\/h6>\r\n\r\n\r\n\r\n\r\nErst ist Yoko vom Geschenk entt\u00e4uscht \u2013 doch dann hat sie eine Gesch\u00e4ftsidee: Sie l\u00e4sst den zahmen Tiger tanzen, Kinder d\u00fcrfen ihn sogar streicheln f\u00fcr Geld.\r\n\r\n\r\n\r\n\r\n\r\nYoko verdient viel und wird reich und ber\u00fchmt.\r\n\r\n\r\n\r\n\r\n\r\nJeden Tag kauft sie sich t\u00fctenweise was neues, hat einen witzigen sprechenden Tisch, ein flugt\u00fcchtiges gro\u00dfes Haus. Als die ber\u00fchmte Reporterin Alina zu Besuch kommt, reisen sie mit dem Haus ins All, und Yoko kommt ins Fernsehen, als sie auf dem Mond ihre Firmen-Fahne absteckt. Nur an die Bed\u00fcrfnisse des Tiger-Schafs denkt Yoko nicht und l\u00e4sst es Tag und Nacht arbeiten \u2013 bis Mo krank wird&#8230; und das nur, um noch mehr Geld zu haben. Zauberin Te sp\u00fcrt, dass Mo krank geworden ist. Sie nimmt Yoko den tanzenden Tiger weg und pflegt ihn gesund.\r\n\r\n\r\n\r\n\r\n\r\n\r\n\r\n\r\n<figure class=\"wp-block-image\"><img data-recalc-dims=\"1\" loading=\"lazy\" decoding=\"async\" width=\"748\" height=\"499\" class=\"wp-image-1861\" src=\"https:\/\/i0.wp.com\/faceensemble.com\/wp-content\/uploads\/2019\/11\/k-szabo-face-der-falsche-tiger-fotos-julia-karl-6.jpg?resize=748%2C499&#038;ssl=1\" alt=\"K Szabo FACE Der falsche Tiger Fotos Julia Karl (6)\" \/><\/figure>\r\n\r\n\r\n\r\n<h6 class=\"wp-block-heading\" id=\"foto-julia-karl\">Foto <span style=\"color: #0000ff;\"><a style=\"color: #0000ff;\" href=\"https:\/\/faceensemble.com\/julia-karl-cv\/\">Julia Karl<\/a><\/span><\/h6>\r\n\r\n\r\n\r\n<figure class=\"wp-block-image\"><img data-recalc-dims=\"1\" loading=\"lazy\" decoding=\"async\" width=\"748\" height=\"498\" class=\"wp-image-1854\" src=\"https:\/\/i0.wp.com\/faceensemble.com\/wp-content\/uploads\/2019\/11\/k-szabo-face-der-falsche-tiger-foto-mike-kleinen-12.jpg?resize=748%2C498&#038;ssl=1\" alt=\"K Szabo FACE Der falsche Tiger Foto Mike Kleinen (12)\" \/><\/figure>\r\n\r\n\r\n\r\n<h6 class=\"wp-block-heading\" id=\"foto-mike-kleinen\">Foto <a href=\"https:\/\/faceensemble.com\/team\/mike-kleinen-cv\/\"><span style=\"color: #0000ff;\">Mike Kleinen<\/span> <\/a><\/h6>\r\n\r\n\r\n\r\n\r\n3 Tage und 3 N\u00e4chte verbringt Yoko im Wald in Sorge um das Leben ihres tanzenden Tiger-Freundes. Im Wald lernt Yoko Tiere und Pflanzen zu respektieren. Als sie wieder in die Stadt geht, trifft sie Mo, der ihr verzeiht und die beiden tanzen gl\u00fccklich miteinander \u2013 Zauberin Te und die Kinder aus dem Publikum tanzen mit.\r\n\r\n\r\n\r\n\r\n\r\nInformationen s. auch: <a href=\"https:\/\/faceensemble.com\/kindertheater\/\"><span style=\"color: #0000ff;\">Krist\u00f3f Szab\u00f3 F.A.C.E. &#8211; KINDERTHEATER<\/span><\/a>\r\n\r\n\r\n\r\n\r\n<figure class=\"wp-block-image\"><img data-recalc-dims=\"1\" loading=\"lazy\" decoding=\"async\" width=\"748\" height=\"498\" class=\"wp-image-1647\" src=\"https:\/\/i0.wp.com\/faceensemble.com\/wp-content\/uploads\/2019\/10\/img_8348_1100.jpg?resize=748%2C498&#038;ssl=1\" alt=\"IMG_8348_1100\" \/><\/figure>\r\n\r\n\r\n\r\n\r\nZum Anschauen des Trailers bitte hier klicken: <a href=\"https:\/\/vimeo.com\/374490941\" target=\"_blank\" rel=\"noopener\"><span style=\"color: #0000ff;\">Teaser (5 Minuten)<\/span><\/a>\r\n\r\n\r\n\r\n\r\n\r\n","protected":false},"excerpt":{"rendered":"<p>Kom\u00f6die f\u00fcr Kinder und Erwchsene ab 6 Jahren Spieltermine: 8, 9, 15, 16. Oktober 2022 HORIZONT THEATER K\u00f6ln, Th\u00fcrmchenswall 25, 50668 K\u00f6ln KARTENTELEFON: 0221-131604 Zum Anschauen klicken Sie bitte hier Teaser (5 Minuten) Der falsche Tiger und das Gl\u00fcck Informationen s. auch: Krist\u00f3f Szab\u00f3 F.A.C.E. &#8211; KINDERTHEATER Fotos Mike Kleinen Zuerst egoistisch und auf materielles &hellip; <a class=\"more-link\" href=\"https:\/\/faceensemble.com\/de\/yoko-der-falsche-tiger-und-das-glueck\/\">Mehr <span class=\"screen-reader-text\">YOKO &#8211; Der falsche Tiger und das Gl\u00fcck<\/span><\/a><\/p>\n","protected":false},"author":12093239,"featured_media":0,"parent":0,"menu_order":0,"comment_status":"closed","ping_status":"closed","template":"","meta":{"_coblocks_attr":"","_coblocks_dimensions":"","_coblocks_responsive_height":"","_coblocks_accordion_ie_support":"","_crdt_document":"","advanced_seo_description":"","jetpack_seo_html_title":"","jetpack_seo_noindex":false,"footnotes":""},"tags":[],"class_list":["post-5401","page","type-page","status-publish","hentry"],"jetpack_likes_enabled":true,"jetpack_sharing_enabled":true,"jetpack_shortlink":"https:\/\/wp.me\/P7OOTK-1p7","jetpack-related-posts":[{"id":5335,"url":"https:\/\/faceensemble.com\/de\/kindertheater\/","url_meta":{"origin":5401,"position":0},"title":"KINDERTHEATER","author":"567cool","date":"8. Juli 2019","format":false,"excerpt":"Wir freuen uns das St\u00fcck wieder spielen zu k\u00f6nnen! Die aktuellen Spieltermine sind: 8, 9, 15, 16. Oktober 2022 Horizont Theater K\u00f6ln, Th\u00fcrmchenswall 25, 50668 K\u00f6ln Kartentelefon: 0221 - 13 16 04 YOKO - Der falsche Tiger und das Gl\u00fcck \u00fcber den Respekt f\u00fcr die Tiere und \u00fcber die Freundschaft\u2026","rel":"","context":"\u00c4hnlicher Beitrag","block_context":{"text":"\u00c4hnlicher Beitrag","link":""},"img":{"alt_text":"","src":"https:\/\/i0.wp.com\/faceensemble.com\/wp-content\/uploads\/2019\/11\/img_8494_1100.jpg?resize=350%2C200&ssl=1","width":350,"height":200,"srcset":"https:\/\/i0.wp.com\/faceensemble.com\/wp-content\/uploads\/2019\/11\/img_8494_1100.jpg?resize=350%2C200&ssl=1 1x, https:\/\/i0.wp.com\/faceensemble.com\/wp-content\/uploads\/2019\/11\/img_8494_1100.jpg?resize=525%2C300&ssl=1 1.5x, https:\/\/i0.wp.com\/faceensemble.com\/wp-content\/uploads\/2019\/11\/img_8494_1100.jpg?resize=700%2C400&ssl=1 2x, https:\/\/i0.wp.com\/faceensemble.com\/wp-content\/uploads\/2019\/11\/img_8494_1100.jpg?resize=1050%2C600&ssl=1 3x"},"classes":[]},{"id":1308,"url":"https:\/\/faceensemble.com\/kindertheater\/","url_meta":{"origin":5401,"position":1},"title":"KINDERTHEATER","author":"567cool","date":"8. Juli 2019","format":false,"excerpt":"Wir freuen uns das St\u00fcck wieder spielen zu k\u00f6nnen! Die aktuellen Spieltermine sind: 8, 9, 15, 16. Oktober 2022 Horizont Theater K\u00f6ln, Th\u00fcrmchenswall 25, 50668 K\u00f6ln Kartentelefon: 0221 - 13 16 04 YOKO - Der falsche Tiger und das Gl\u00fcck \u00fcber den Respekt f\u00fcr die Tiere und \u00fcber die Freundschaft\u2026","rel":"","context":"\u00c4hnlicher Beitrag","block_context":{"text":"\u00c4hnlicher Beitrag","link":""},"img":{"alt_text":"","src":"https:\/\/i0.wp.com\/faceensemble.com\/wp-content\/uploads\/2019\/11\/k-szabo-face-der-falsche-tiger-foto-mike-kleinen-7.jpg?resize=350%2C200&ssl=1","width":350,"height":200,"srcset":"https:\/\/i0.wp.com\/faceensemble.com\/wp-content\/uploads\/2019\/11\/k-szabo-face-der-falsche-tiger-foto-mike-kleinen-7.jpg?resize=350%2C200&ssl=1 1x, https:\/\/i0.wp.com\/faceensemble.com\/wp-content\/uploads\/2019\/11\/k-szabo-face-der-falsche-tiger-foto-mike-kleinen-7.jpg?resize=525%2C300&ssl=1 1.5x, https:\/\/i0.wp.com\/faceensemble.com\/wp-content\/uploads\/2019\/11\/k-szabo-face-der-falsche-tiger-foto-mike-kleinen-7.jpg?resize=700%2C400&ssl=1 2x, https:\/\/i0.wp.com\/faceensemble.com\/wp-content\/uploads\/2019\/11\/k-szabo-face-der-falsche-tiger-foto-mike-kleinen-7.jpg?resize=1050%2C600&ssl=1 3x"},"classes":[]},{"id":1347,"url":"https:\/\/faceensemble.com\/kain\/","url_meta":{"origin":5401,"position":2},"title":"YOKO &#8211; Der falsche Tiger und das Gl\u00fcck","author":"567cool","date":"12. Juli 2019","format":false,"excerpt":"Kom\u00f6die f\u00fcr Kinder und Erwchsene ab 6 Jahren Spieltermine: 8, 9, 15, 16. Oktober 2022 HORIZONT THEATER K\u00f6ln, Th\u00fcrmchenswall 25, 50668 K\u00f6ln KARTENTELEFON: 0221-131604 Zum Anschauen klicken Sie bitte hier Teaser (5 Minuten) Der falsche Tiger und das Gl\u00fcck https:\/\/vimeo.com\/374490941 Informationen s. auch: Krist\u00f3f Szab\u00f3 F.A.C.E. - KINDERTHEATER Fotos Mike\u2026","rel":"","context":"\u00c4hnlicher Beitrag","block_context":{"text":"\u00c4hnlicher Beitrag","link":""},"img":{"alt_text":"","src":"https:\/\/i0.wp.com\/faceensemble.com\/wp-content\/uploads\/2019\/11\/k-szabo-face-der-falsche-tiger-foto-mike-kleinen-7.jpg?resize=350%2C200&ssl=1","width":350,"height":200,"srcset":"https:\/\/i0.wp.com\/faceensemble.com\/wp-content\/uploads\/2019\/11\/k-szabo-face-der-falsche-tiger-foto-mike-kleinen-7.jpg?resize=350%2C200&ssl=1 1x, https:\/\/i0.wp.com\/faceensemble.com\/wp-content\/uploads\/2019\/11\/k-szabo-face-der-falsche-tiger-foto-mike-kleinen-7.jpg?resize=525%2C300&ssl=1 1.5x, https:\/\/i0.wp.com\/faceensemble.com\/wp-content\/uploads\/2019\/11\/k-szabo-face-der-falsche-tiger-foto-mike-kleinen-7.jpg?resize=700%2C400&ssl=1 2x, https:\/\/i0.wp.com\/faceensemble.com\/wp-content\/uploads\/2019\/11\/k-szabo-face-der-falsche-tiger-foto-mike-kleinen-7.jpg?resize=1050%2C600&ssl=1 3x"},"classes":[]},{"id":1312,"url":"https:\/\/faceensemble.com\/eva-marianne-kraiss\/","url_meta":{"origin":5401,"position":3},"title":"Eva Marianne Kraiss","author":"567cool","date":"8. Juli 2019","format":false,"excerpt":"Eva Marianne Kraiss, 1980 geboren, absolvierte ihre Schauspielausbildung an der Freiburger Schauspielschule (Aufnahme in die ZAV 2004) und arbeitet seither als freie Schauspielerin, Sprecherin, seit 2010 auch als Dramaturgin und Autorin. Engagements f\u00fchrten sie u.a. ans Stadttheater Freiburg, metropol Theater, Horizont Theater, theater@home, Philharmonie K\u00f6ln. Viel Lob erhielt sie f\u00fcr\u2026","rel":"","context":"\u00c4hnlicher Beitrag","block_context":{"text":"\u00c4hnlicher Beitrag","link":""},"img":{"alt_text":"","src":"https:\/\/i0.wp.com\/faceensemble.com\/wp-content\/uploads\/2019\/07\/eva_marianne_kraiss.jpeg?resize=350%2C200&ssl=1","width":350,"height":200},"classes":[]},{"id":5353,"url":"https:\/\/faceensemble.com\/de\/presse\/","url_meta":{"origin":5401,"position":4},"title":"Presse","author":"567cool","date":"26. Januar 2020","format":false,"excerpt":"\u201eZukunftweisende Premiere in der Orangerie. (\u2026) Die Aufl\u00f6sung des K\u00f6rpers zu einem Strom ewiger Bildnisse verf\u00fchrt die Zuschauer mit unnachahmlicher \u00c4sthetik\u2026\u201c ha in K\u00f6lner Wochenspiegel 2018 \u00a0\u201e\u2026Das ist Kunst. Der Regisseur Krist\u00f3f Szab\u00f3 erschafft einen visuellen Abend (\u2026), der durch seine gewaltigen gesellschaftskritischen Fragen lange nachwirkt. Ist eine Revolution des\u2026","rel":"","context":"\u00c4hnlicher Beitrag","block_context":{"text":"\u00c4hnlicher Beitrag","link":""},"img":{"alt_text":"Krist\u00f3f_Szab\u00f3_DEEP BREATH (LICHT II) Hannah Platzer_photo_by_Mike_Kleinen_IMG_9733_out","src":"https:\/\/i0.wp.com\/faceensemble.com\/wp-content\/uploads\/2019\/08\/kristc3b3f_szabc3b3_deep-breath-licht-ii-hannah-platzer_photo_by_mike_kleinen_img_9733_out.jpg?resize=350%2C200&ssl=1","width":350,"height":200,"srcset":"https:\/\/i0.wp.com\/faceensemble.com\/wp-content\/uploads\/2019\/08\/kristc3b3f_szabc3b3_deep-breath-licht-ii-hannah-platzer_photo_by_mike_kleinen_img_9733_out.jpg?resize=350%2C200&ssl=1 1x, https:\/\/i0.wp.com\/faceensemble.com\/wp-content\/uploads\/2019\/08\/kristc3b3f_szabc3b3_deep-breath-licht-ii-hannah-platzer_photo_by_mike_kleinen_img_9733_out.jpg?resize=525%2C300&ssl=1 1.5x, https:\/\/i0.wp.com\/faceensemble.com\/wp-content\/uploads\/2019\/08\/kristc3b3f_szabc3b3_deep-breath-licht-ii-hannah-platzer_photo_by_mike_kleinen_img_9733_out.jpg?resize=700%2C400&ssl=1 2x, https:\/\/i0.wp.com\/faceensemble.com\/wp-content\/uploads\/2019\/08\/kristc3b3f_szabc3b3_deep-breath-licht-ii-hannah-platzer_photo_by_mike_kleinen_img_9733_out.jpg?resize=1050%2C600&ssl=1 3x, https:\/\/i0.wp.com\/faceensemble.com\/wp-content\/uploads\/2019\/08\/kristc3b3f_szabc3b3_deep-breath-licht-ii-hannah-platzer_photo_by_mike_kleinen_img_9733_out.jpg?resize=1400%2C800&ssl=1 4x"},"classes":[]},{"id":1933,"url":"https:\/\/faceensemble.com\/presse\/","url_meta":{"origin":5401,"position":5},"title":"Presse","author":"567cool","date":"26. Januar 2020","format":false,"excerpt":"\u201eZukunftweisende Premiere in der Orangerie. (\u2026) Die Aufl\u00f6sung des K\u00f6rpers zu einem Strom ewiger Bildnisse verf\u00fchrt die Zuschauer mit unnachahmlicher \u00c4sthetik\u2026\u201c ha in K\u00f6lner Wochenspiegel 2018 \u00a0\u201e\u2026Das ist Kunst. Der Regisseur Krist\u00f3f Szab\u00f3 erschafft einen visuellen Abend (\u2026), der durch seine gewaltigen gesellschaftskritischen Fragen lange nachwirkt. Ist eine Revolution des\u2026","rel":"","context":"\u00c4hnlicher Beitrag","block_context":{"text":"\u00c4hnlicher Beitrag","link":""},"img":{"alt_text":"Krist\u00f3f_Szab\u00f3_DEEP BREATH (LICHT II) Hannah Platzer_photo_by_Mike_Kleinen_IMG_9733_out","src":"https:\/\/i0.wp.com\/faceensemble.com\/wp-content\/uploads\/2019\/08\/kristc3b3f_szabc3b3_deep-breath-licht-ii-hannah-platzer_photo_by_mike_kleinen_img_9733_out.jpg?resize=350%2C200&ssl=1","width":350,"height":200,"srcset":"https:\/\/i0.wp.com\/faceensemble.com\/wp-content\/uploads\/2019\/08\/kristc3b3f_szabc3b3_deep-breath-licht-ii-hannah-platzer_photo_by_mike_kleinen_img_9733_out.jpg?resize=350%2C200&ssl=1 1x, https:\/\/i0.wp.com\/faceensemble.com\/wp-content\/uploads\/2019\/08\/kristc3b3f_szabc3b3_deep-breath-licht-ii-hannah-platzer_photo_by_mike_kleinen_img_9733_out.jpg?resize=525%2C300&ssl=1 1.5x, https:\/\/i0.wp.com\/faceensemble.com\/wp-content\/uploads\/2019\/08\/kristc3b3f_szabc3b3_deep-breath-licht-ii-hannah-platzer_photo_by_mike_kleinen_img_9733_out.jpg?resize=700%2C400&ssl=1 2x, https:\/\/i0.wp.com\/faceensemble.com\/wp-content\/uploads\/2019\/08\/kristc3b3f_szabc3b3_deep-breath-licht-ii-hannah-platzer_photo_by_mike_kleinen_img_9733_out.jpg?resize=1050%2C600&ssl=1 3x, https:\/\/i0.wp.com\/faceensemble.com\/wp-content\/uploads\/2019\/08\/kristc3b3f_szabc3b3_deep-breath-licht-ii-hannah-platzer_photo_by_mike_kleinen_img_9733_out.jpg?resize=1400%2C800&ssl=1 4x"},"classes":[]}],"_links":{"self":[{"href":"https:\/\/faceensemble.com\/de\/wp-json\/wp\/v2\/pages\/5401","targetHints":{"allow":["GET"]}}],"collection":[{"href":"https:\/\/faceensemble.com\/de\/wp-json\/wp\/v2\/pages"}],"about":[{"href":"https:\/\/faceensemble.com\/de\/wp-json\/wp\/v2\/types\/page"}],"author":[{"embeddable":true,"href":"https:\/\/faceensemble.com\/de\/wp-json\/wp\/v2\/users\/12093239"}],"replies":[{"embeddable":true,"href":"https:\/\/faceensemble.com\/de\/wp-json\/wp\/v2\/comments?post=5401"}],"version-history":[{"count":1,"href":"https:\/\/faceensemble.com\/de\/wp-json\/wp\/v2\/pages\/5401\/revisions"}],"predecessor-version":[{"id":5402,"href":"https:\/\/faceensemble.com\/de\/wp-json\/wp\/v2\/pages\/5401\/revisions\/5402"}],"wp:attachment":[{"href":"https:\/\/faceensemble.com\/de\/wp-json\/wp\/v2\/media?parent=5401"}],"wp:term":[{"taxonomy":"post_tag","embeddable":true,"href":"https:\/\/faceensemble.com\/de\/wp-json\/wp\/v2\/tags?post=5401"}],"curies":[{"name":"wp","href":"https:\/\/api.w.org\/{rel}","templated":true}]}}